{"id":4393,"date":"2022-09-26T16:58:19","date_gmt":"2022-09-26T16:58:19","guid":{"rendered":"https:\/\/skinpoint.r-s.space\/shop\/xm1014-banana-leaf\/"},"modified":"2025-08-21T09:08:07","modified_gmt":"2025-08-21T09:08:07","slug":"xm1014-banana-leaf","status":"publish","type":"product","link":"https:\/\/csgo-trade.net\/pt-pt\/catalog\/xm1014-banana-leaf\/","title":{"rendered":"XM1014 | Banana Leaf"},"content":{"rendered":"<p>Todo o corpo da espingarda \u00e9 adornado com um padr\u00e3o de folhas de bananeira feitas em v\u00e1rios tons de verde. Partes individuais da arma s\u00e3o pintadas de verde escuro. Uma parte da coronha \u00e9 pintada de verde claro.<\/p>\n","protected":false},"excerpt":{"rendered":"<p>Todo o corpo da espingarda \u00e9 adornado com um padr\u00e3o de folhas de bananeira feitas em v\u00e1rios tons de verde. Partes individuais da arma s\u00e3o pintadas de verde escuro. Uma parte da coronha \u00e9 pintada de verde claro.<\/p>\n","protected":false},"featured_media":3406,"comment_status":"open","ping_status":"closed","template":"","meta":[],"product_brand":[],"product_cat":[209,215],"product_tag":[269],"class_list":{"0":"post-4393","1":"product","2":"type-product","3":"status-publish","4":"has-post-thumbnail","6":"product_cat-arma-pesada","7":"product_cat-xm1014-pt-pt","8":"product_tag-padrao-industrial","9":"pa_all-products-skins","11":"first","12":"instock","13":"shipping-taxable","14":"purchasable","15":"product-type-simple"},"_links":{"self":[{"href":"https:\/\/csgo-trade.net\/pt-pt\/wp-json\/wp\/v2\/product\/4393","targetHints":{"allow":["GET"]}}],"collection":[{"href":"https:\/\/csgo-trade.net\/pt-pt\/wp-json\/wp\/v2\/product"}],"about":[{"href":"https:\/\/csgo-trade.net\/pt-pt\/wp-json\/wp\/v2\/types\/product"}],"replies":[{"embeddable":true,"href":"https:\/\/csgo-trade.net\/pt-pt\/wp-json\/wp\/v2\/comments?post=4393"}],"wp:featuredmedia":[{"embeddable":true,"href":"https:\/\/csgo-trade.net\/pt-pt\/wp-json\/wp\/v2\/media\/3406"}],"wp:attachment":[{"href":"https:\/\/csgo-trade.net\/pt-pt\/wp-json\/wp\/v2\/media?parent=4393"}],"wp:term":[{"taxonomy":"product_brand","embeddable":true,"href":"https:\/\/csgo-trade.net\/pt-pt\/wp-json\/wp\/v2\/product_brand?post=4393"},{"taxonomy":"product_cat","embeddable":true,"href":"https:\/\/csgo-trade.net\/pt-pt\/wp-json\/wp\/v2\/product_cat?post=4393"},{"taxonomy":"product_tag","embeddable":true,"href":"https:\/\/csgo-trade.net\/pt-pt\/wp-json\/wp\/v2\/product_tag?post=4393"}],"curies":[{"name":"wp","href":"https:\/\/api.w.org\/{rel}","templated":true}]}}