{"id":4386,"date":"2022-09-26T17:42:05","date_gmt":"2022-09-26T17:42:05","guid":{"rendered":"https:\/\/skinpoint.r-s.space\/shop\/sawed-off-jungle-thicket\/"},"modified":"2025-08-21T09:07:40","modified_gmt":"2025-08-21T09:07:40","slug":"sawed-off-jungle-thicket","status":"publish","type":"product","link":"https:\/\/csgo-trade.net\/pt-pt\/catalog\/sawed-off-jungle-thicket\/","title":{"rendered":"Sawed-Off | Jungle Thicket"},"content":{"rendered":"<p>Todo o corpo da submetralhadora \u00e9 pintado com spray usando galhos como est\u00eancil. O esquema de cores da pele usa tons claros de verde e bege. O cinto \u00e9 feito na cor caqui.<\/p>\n","protected":false},"excerpt":{"rendered":"<p>Todo o corpo da submetralhadora \u00e9 pintado com spray usando galhos como est\u00eancil. O esquema de cores da pele usa tons claros de verde e bege. O cinto \u00e9 feito na cor caqui.<\/p>\n","protected":false},"featured_media":3427,"comment_status":"open","ping_status":"closed","template":"","meta":[],"product_brand":[],"product_cat":[209,214],"product_tag":[266],"class_list":{"0":"post-4386","1":"product","2":"type-product","3":"status-publish","4":"has-post-thumbnail","6":"product_cat-arma-pesada","7":"product_cat-sawed-off-pt-pt","8":"product_tag-padrao-domestico","9":"pa_all-products-skins","11":"first","12":"instock","13":"shipping-taxable","14":"purchasable","15":"product-type-simple"},"_links":{"self":[{"href":"https:\/\/csgo-trade.net\/pt-pt\/wp-json\/wp\/v2\/product\/4386","targetHints":{"allow":["GET"]}}],"collection":[{"href":"https:\/\/csgo-trade.net\/pt-pt\/wp-json\/wp\/v2\/product"}],"about":[{"href":"https:\/\/csgo-trade.net\/pt-pt\/wp-json\/wp\/v2\/types\/product"}],"replies":[{"embeddable":true,"href":"https:\/\/csgo-trade.net\/pt-pt\/wp-json\/wp\/v2\/comments?post=4386"}],"wp:featuredmedia":[{"embeddable":true,"href":"https:\/\/csgo-trade.net\/pt-pt\/wp-json\/wp\/v2\/media\/3427"}],"wp:attachment":[{"href":"https:\/\/csgo-trade.net\/pt-pt\/wp-json\/wp\/v2\/media?parent=4386"}],"wp:term":[{"taxonomy":"product_brand","embeddable":true,"href":"https:\/\/csgo-trade.net\/pt-pt\/wp-json\/wp\/v2\/product_brand?post=4386"},{"taxonomy":"product_cat","embeddable":true,"href":"https:\/\/csgo-trade.net\/pt-pt\/wp-json\/wp\/v2\/product_cat?post=4386"},{"taxonomy":"product_tag","embeddable":true,"href":"https:\/\/csgo-trade.net\/pt-pt\/wp-json\/wp\/v2\/product_tag?post=4386"}],"curies":[{"name":"wp","href":"https:\/\/api.w.org\/{rel}","templated":true}]}}