{"id":4380,"date":"2022-09-26T17:57:11","date_gmt":"2022-09-26T17:57:11","guid":{"rendered":"https:\/\/skinpoint.r-s.space\/shop\/m4a1-s-blue-phosphor\/"},"modified":"2023-04-25T17:45:34","modified_gmt":"2023-04-25T17:45:34","slug":"m4a1-s-blue-phosphor","status":"publish","type":"product","link":"https:\/\/csgo-trade.net\/pt-pt\/catalog\/m4a1-s-blue-phosphor\/","title":{"rendered":"M4A1-S | Blue Phosphor"},"content":{"rendered":"<p>Todo o corpo do rifle \u00e9 cromado e complementado por um padr\u00e3o de linhas onduladas transl\u00facidas que lembram nuvens de fuma\u00e7a. O esquema de cores do padr\u00e3o inclui v\u00e1rios tons de azul, criando transi\u00e7\u00f5es de gradiente.<\/p>\n","protected":false},"excerpt":{"rendered":"<p>Todo o corpo do rifle \u00e9 cromado e complementado por um padr\u00e3o de linhas onduladas transl\u00facidas que lembram nuvens de fuma\u00e7a. O esquema de cores do padr\u00e3o inclui v\u00e1rios tons de azul, criando transi\u00e7\u00f5es de gradiente.<\/p>\n","protected":false},"featured_media":3434,"comment_status":"open","ping_status":"closed","template":"","meta":[],"product_brand":[],"product_cat":[192,252],"product_tag":[265],"class_list":{"0":"post-4380","1":"product","2":"type-product","3":"status-publish","4":"has-post-thumbnail","6":"product_cat-espingarda","7":"product_cat-m4a1-s-pt-pt","8":"product_tag-confidencial","9":"pa_all-products-skins","11":"first","12":"instock","13":"shipping-taxable","14":"purchasable","15":"product-type-simple"},"_links":{"self":[{"href":"https:\/\/csgo-trade.net\/pt-pt\/wp-json\/wp\/v2\/product\/4380","targetHints":{"allow":["GET"]}}],"collection":[{"href":"https:\/\/csgo-trade.net\/pt-pt\/wp-json\/wp\/v2\/product"}],"about":[{"href":"https:\/\/csgo-trade.net\/pt-pt\/wp-json\/wp\/v2\/types\/product"}],"replies":[{"embeddable":true,"href":"https:\/\/csgo-trade.net\/pt-pt\/wp-json\/wp\/v2\/comments?post=4380"}],"wp:featuredmedia":[{"embeddable":true,"href":"https:\/\/csgo-trade.net\/pt-pt\/wp-json\/wp\/v2\/media\/3434"}],"wp:attachment":[{"href":"https:\/\/csgo-trade.net\/pt-pt\/wp-json\/wp\/v2\/media?parent=4380"}],"wp:term":[{"taxonomy":"product_brand","embeddable":true,"href":"https:\/\/csgo-trade.net\/pt-pt\/wp-json\/wp\/v2\/product_brand?post=4380"},{"taxonomy":"product_cat","embeddable":true,"href":"https:\/\/csgo-trade.net\/pt-pt\/wp-json\/wp\/v2\/product_cat?post=4380"},{"taxonomy":"product_tag","embeddable":true,"href":"https:\/\/csgo-trade.net\/pt-pt\/wp-json\/wp\/v2\/product_tag?post=4380"}],"curies":[{"name":"wp","href":"https:\/\/api.w.org\/{rel}","templated":true}]}}