{"id":4379,"date":"2022-09-26T17:51:57","date_gmt":"2022-09-26T17:51:57","guid":{"rendered":"https:\/\/skinpoint.r-s.space\/shop\/awp-fade\/"},"modified":"2023-04-25T17:44:25","modified_gmt":"2023-04-25T17:44:25","slug":"awp-fade","status":"publish","type":"product","link":"https:\/\/csgo-trade.net\/pt-pt\/catalog\/awp-fade\/","title":{"rendered":"AWP | Fade"},"content":{"rendered":"<p>O corpo do rifle \u00e9 cromado e revestido com tintas transl\u00facidas, criando transi\u00e7\u00f5es de gradiente. O esquema de cores do padr\u00e3o inclui v\u00e1rios tons de roxo, rosa e amarelo. Partes individuais da arma n\u00e3o s\u00e3o pintadas.<\/p>\n","protected":false},"excerpt":{"rendered":"<p>O corpo do rifle \u00e9 cromado e revestido com tintas transl\u00facidas, criando transi\u00e7\u00f5es de gradiente. O esquema de cores do padr\u00e3o inclui v\u00e1rios tons de roxo, rosa e amarelo. Partes individuais da arma n\u00e3o s\u00e3o pintadas.<\/p>\n","protected":false},"featured_media":3431,"comment_status":"open","ping_status":"closed","template":"","meta":[],"product_brand":[],"product_cat":[248,192],"product_tag":[267],"class_list":{"0":"post-4379","1":"product","2":"type-product","3":"status-publish","4":"has-post-thumbnail","6":"product_cat-awp-pt-pt","7":"product_cat-espingarda","8":"product_tag-secreto","9":"pa_all-products-skins","11":"first","12":"instock","13":"shipping-taxable","14":"purchasable","15":"product-type-simple"},"_links":{"self":[{"href":"https:\/\/csgo-trade.net\/pt-pt\/wp-json\/wp\/v2\/product\/4379","targetHints":{"allow":["GET"]}}],"collection":[{"href":"https:\/\/csgo-trade.net\/pt-pt\/wp-json\/wp\/v2\/product"}],"about":[{"href":"https:\/\/csgo-trade.net\/pt-pt\/wp-json\/wp\/v2\/types\/product"}],"replies":[{"embeddable":true,"href":"https:\/\/csgo-trade.net\/pt-pt\/wp-json\/wp\/v2\/comments?post=4379"}],"wp:featuredmedia":[{"embeddable":true,"href":"https:\/\/csgo-trade.net\/pt-pt\/wp-json\/wp\/v2\/media\/3431"}],"wp:attachment":[{"href":"https:\/\/csgo-trade.net\/pt-pt\/wp-json\/wp\/v2\/media?parent=4379"}],"wp:term":[{"taxonomy":"product_brand","embeddable":true,"href":"https:\/\/csgo-trade.net\/pt-pt\/wp-json\/wp\/v2\/product_brand?post=4379"},{"taxonomy":"product_cat","embeddable":true,"href":"https:\/\/csgo-trade.net\/pt-pt\/wp-json\/wp\/v2\/product_cat?post=4379"},{"taxonomy":"product_tag","embeddable":true,"href":"https:\/\/csgo-trade.net\/pt-pt\/wp-json\/wp\/v2\/product_tag?post=4379"}],"curies":[{"name":"wp","href":"https:\/\/api.w.org\/{rel}","templated":true}]}}