{"id":4377,"date":"2022-09-27T08:03:00","date_gmt":"2022-09-27T08:03:00","guid":{"rendered":"https:\/\/skinpoint.r-s.space\/shop\/famas-prime-conspiracy\/"},"modified":"2025-08-21T09:07:29","modified_gmt":"2025-08-21T09:07:29","slug":"famas-prime-conspiracy","status":"publish","type":"product","link":"https:\/\/csgo-trade.net\/pt-pt\/catalog\/famas-prime-conspiracy\/","title":{"rendered":"FAMAS | Prime Conspiracy"},"content":{"rendered":"<p>O corpo do rifle \u00e9 adornado com um padr\u00e3o vermelho e azul na forma de n\u00fameros de tamanhos diferentes dispostos aleatoriamente. O padr\u00e3o \u00e9 aplicado com tintas met\u00e1licas. A al\u00e7a e o carregador n\u00e3o s\u00e3o pintados.<\/p>\n","protected":false},"excerpt":{"rendered":"<p>O corpo do rifle \u00e9 adornado com um padr\u00e3o vermelho e azul na forma de n\u00fameros de tamanhos diferentes dispostos aleatoriamente. O padr\u00e3o \u00e9 aplicado com tintas met\u00e1licas. A al\u00e7a e o carregador n\u00e3o s\u00e3o pintados.<\/p>\n","protected":false},"featured_media":3446,"comment_status":"open","ping_status":"closed","template":"","meta":[],"product_brand":[],"product_cat":[192,249],"product_tag":[270],"class_list":{"0":"post-4377","1":"product","2":"type-product","3":"status-publish","4":"has-post-thumbnail","6":"product_cat-espingarda","7":"product_cat-famas-pt-pt","8":"product_tag-restrito","9":"pa_all-products-skins","11":"first","12":"instock","13":"shipping-taxable","14":"purchasable","15":"product-type-simple"},"_links":{"self":[{"href":"https:\/\/csgo-trade.net\/pt-pt\/wp-json\/wp\/v2\/product\/4377","targetHints":{"allow":["GET"]}}],"collection":[{"href":"https:\/\/csgo-trade.net\/pt-pt\/wp-json\/wp\/v2\/product"}],"about":[{"href":"https:\/\/csgo-trade.net\/pt-pt\/wp-json\/wp\/v2\/types\/product"}],"replies":[{"embeddable":true,"href":"https:\/\/csgo-trade.net\/pt-pt\/wp-json\/wp\/v2\/comments?post=4377"}],"wp:featuredmedia":[{"embeddable":true,"href":"https:\/\/csgo-trade.net\/pt-pt\/wp-json\/wp\/v2\/media\/3446"}],"wp:attachment":[{"href":"https:\/\/csgo-trade.net\/pt-pt\/wp-json\/wp\/v2\/media?parent=4377"}],"wp:term":[{"taxonomy":"product_brand","embeddable":true,"href":"https:\/\/csgo-trade.net\/pt-pt\/wp-json\/wp\/v2\/product_brand?post=4377"},{"taxonomy":"product_cat","embeddable":true,"href":"https:\/\/csgo-trade.net\/pt-pt\/wp-json\/wp\/v2\/product_cat?post=4377"},{"taxonomy":"product_tag","embeddable":true,"href":"https:\/\/csgo-trade.net\/pt-pt\/wp-json\/wp\/v2\/product_tag?post=4377"}],"curies":[{"name":"wp","href":"https:\/\/api.w.org\/{rel}","templated":true}]}}