{"id":4375,"date":"2022-09-26T18:02:47","date_gmt":"2022-09-26T18:02:47","guid":{"rendered":"https:\/\/skinpoint.r-s.space\/shop\/ump-45-crime-scene\/"},"modified":"2025-08-21T09:07:40","modified_gmt":"2025-08-21T09:07:40","slug":"ump-45-crime-scene","status":"publish","type":"product","link":"https:\/\/csgo-trade.net\/pt-pt\/catalog\/ump-45-crime-scene\/","title":{"rendered":"UMP-45 | Crime Scene"},"content":{"rendered":"<p>O corpo da submetralhadora \u00e9 pintado de forma desigual em vermelho e azul usando malha como est\u00eancil. A parte central do receptor \u00e9 complementada por uma fita amarela de advert\u00eancia com a inscri\u00e7\u00e3o \u201cCRIME SCENE DO NOT CROSS\u201d.<\/p>\n","protected":false},"excerpt":{"rendered":"<p>O corpo da submetralhadora \u00e9 pintado de forma desigual em vermelho e azul usando malha como est\u00eancil. A parte central do receptor \u00e9 complementada por uma fita amarela de advert\u00eancia com a inscri\u00e7\u00e3o \u201cCRIME SCENE DO NOT CROSS\u201d.<\/p>\n","protected":false},"featured_media":3440,"comment_status":"open","ping_status":"closed","template":"","meta":[],"product_brand":[],"product_cat":[257,264],"product_tag":[270],"class_list":{"0":"post-4375","1":"product","2":"type-product","3":"status-publish","4":"has-post-thumbnail","6":"product_cat-submetralhadoras","7":"product_cat-ump-45-pt-pt","8":"product_tag-restrito","9":"pa_all-products-skins","11":"first","12":"instock","13":"shipping-taxable","14":"purchasable","15":"product-type-simple"},"_links":{"self":[{"href":"https:\/\/csgo-trade.net\/pt-pt\/wp-json\/wp\/v2\/product\/4375","targetHints":{"allow":["GET"]}}],"collection":[{"href":"https:\/\/csgo-trade.net\/pt-pt\/wp-json\/wp\/v2\/product"}],"about":[{"href":"https:\/\/csgo-trade.net\/pt-pt\/wp-json\/wp\/v2\/types\/product"}],"replies":[{"embeddable":true,"href":"https:\/\/csgo-trade.net\/pt-pt\/wp-json\/wp\/v2\/comments?post=4375"}],"wp:featuredmedia":[{"embeddable":true,"href":"https:\/\/csgo-trade.net\/pt-pt\/wp-json\/wp\/v2\/media\/3440"}],"wp:attachment":[{"href":"https:\/\/csgo-trade.net\/pt-pt\/wp-json\/wp\/v2\/media?parent=4375"}],"wp:term":[{"taxonomy":"product_brand","embeddable":true,"href":"https:\/\/csgo-trade.net\/pt-pt\/wp-json\/wp\/v2\/product_brand?post=4375"},{"taxonomy":"product_cat","embeddable":true,"href":"https:\/\/csgo-trade.net\/pt-pt\/wp-json\/wp\/v2\/product_cat?post=4375"},{"taxonomy":"product_tag","embeddable":true,"href":"https:\/\/csgo-trade.net\/pt-pt\/wp-json\/wp\/v2\/product_tag?post=4375"}],"curies":[{"name":"wp","href":"https:\/\/api.w.org\/{rel}","templated":true}]}}