{"id":4370,"date":"2022-09-27T08:11:13","date_gmt":"2022-09-27T08:11:13","guid":{"rendered":"https:\/\/skinpoint.r-s.space\/shop\/ssg-08-threat-detected\/"},"modified":"2025-08-21T09:07:32","modified_gmt":"2025-08-21T09:07:32","slug":"ssg-08-threat-detected","status":"publish","type":"product","link":"https:\/\/csgo-trade.net\/pt-pt\/catalog\/ssg-08-threat-detected\/","title":{"rendered":"SSG 08 | Threat Detected"},"content":{"rendered":"<p>O corpo do rifle \u00e9 adornado com um padr\u00e3o na forma de um mapa HUD. O padr\u00e3o \u00e9 pintado em um esquema de cores marrom-alaranjado e complementado com detalhes em azul claro. O escopo \u00e9 pintado de branco s\u00f3lido. Partes individuais do corpo n\u00e3o s\u00e3o pintadas.<\/p>\n","protected":false},"excerpt":{"rendered":"<p>O corpo do rifle \u00e9 adornado com um padr\u00e3o na forma de um mapa HUD. O padr\u00e3o \u00e9 pintado em um esquema de cores marrom-alaranjado e complementado com detalhes em azul claro. O escopo \u00e9 pintado de branco s\u00f3lido. Partes individuais do corpo n\u00e3o s\u00e3o pintadas.<\/p>\n","protected":false},"featured_media":3452,"comment_status":"open","ping_status":"closed","template":"","meta":[],"product_brand":[],"product_cat":[192,256],"product_tag":[194],"class_list":{"0":"post-4370","1":"product","2":"type-product","3":"status-publish","4":"has-post-thumbnail","6":"product_cat-espingarda","7":"product_cat-ssg-08-pt-pt","8":"product_tag-padrao-militar","9":"pa_all-products-skins","11":"first","12":"instock","13":"shipping-taxable","14":"purchasable","15":"product-type-simple"},"_links":{"self":[{"href":"https:\/\/csgo-trade.net\/pt-pt\/wp-json\/wp\/v2\/product\/4370","targetHints":{"allow":["GET"]}}],"collection":[{"href":"https:\/\/csgo-trade.net\/pt-pt\/wp-json\/wp\/v2\/product"}],"about":[{"href":"https:\/\/csgo-trade.net\/pt-pt\/wp-json\/wp\/v2\/types\/product"}],"replies":[{"embeddable":true,"href":"https:\/\/csgo-trade.net\/pt-pt\/wp-json\/wp\/v2\/comments?post=4370"}],"wp:featuredmedia":[{"embeddable":true,"href":"https:\/\/csgo-trade.net\/pt-pt\/wp-json\/wp\/v2\/media\/3452"}],"wp:attachment":[{"href":"https:\/\/csgo-trade.net\/pt-pt\/wp-json\/wp\/v2\/media?parent=4370"}],"wp:term":[{"taxonomy":"product_brand","embeddable":true,"href":"https:\/\/csgo-trade.net\/pt-pt\/wp-json\/wp\/v2\/product_brand?post=4370"},{"taxonomy":"product_cat","embeddable":true,"href":"https:\/\/csgo-trade.net\/pt-pt\/wp-json\/wp\/v2\/product_cat?post=4370"},{"taxonomy":"product_tag","embeddable":true,"href":"https:\/\/csgo-trade.net\/pt-pt\/wp-json\/wp\/v2\/product_tag?post=4370"}],"curies":[{"name":"wp","href":"https:\/\/api.w.org\/{rel}","templated":true}]}}