{"id":4369,"date":"2022-09-27T08:14:43","date_gmt":"2022-09-27T08:14:43","guid":{"rendered":"https:\/\/skinpoint.r-s.space\/shop\/p2000-dispatch\/"},"modified":"2025-08-21T09:07:35","modified_gmt":"2025-08-21T09:07:35","slug":"p2000-dispatch","status":"publish","type":"product","link":"https:\/\/csgo-trade.net\/pt-pt\/catalog\/p2000-dispatch\/","title":{"rendered":"P2000 | Dispatch"},"content":{"rendered":"<p>O corpo da pistola \u00e9 adornado com um padr\u00e3o na forma de n\u00fameros de tamanhos diferentes dispostos aleatoriamente. O esquema de cores da pele inclui v\u00e1rios tons de azul, marrom e bege.<\/p>\n","protected":false},"excerpt":{"rendered":"<p>O corpo da pistola \u00e9 adornado com um padr\u00e3o na forma de n\u00fameros de tamanhos diferentes dispostos aleatoriamente. O esquema de cores da pele inclui v\u00e1rios tons de azul, marrom e bege.<\/p>\n","protected":false},"featured_media":3455,"comment_status":"open","ping_status":"closed","template":"","meta":[],"product_brand":[],"product_cat":[242,236],"product_tag":[194],"class_list":{"0":"post-4369","1":"product","2":"type-product","3":"status-publish","4":"has-post-thumbnail","6":"product_cat-p2000-pt-pt","7":"product_cat-pistolas","8":"product_tag-padrao-militar","9":"pa_all-products-skins","11":"first","12":"instock","13":"shipping-taxable","14":"purchasable","15":"product-type-simple"},"_links":{"self":[{"href":"https:\/\/csgo-trade.net\/pt-pt\/wp-json\/wp\/v2\/product\/4369","targetHints":{"allow":["GET"]}}],"collection":[{"href":"https:\/\/csgo-trade.net\/pt-pt\/wp-json\/wp\/v2\/product"}],"about":[{"href":"https:\/\/csgo-trade.net\/pt-pt\/wp-json\/wp\/v2\/types\/product"}],"replies":[{"embeddable":true,"href":"https:\/\/csgo-trade.net\/pt-pt\/wp-json\/wp\/v2\/comments?post=4369"}],"wp:featuredmedia":[{"embeddable":true,"href":"https:\/\/csgo-trade.net\/pt-pt\/wp-json\/wp\/v2\/media\/3455"}],"wp:attachment":[{"href":"https:\/\/csgo-trade.net\/pt-pt\/wp-json\/wp\/v2\/media?parent=4369"}],"wp:term":[{"taxonomy":"product_brand","embeddable":true,"href":"https:\/\/csgo-trade.net\/pt-pt\/wp-json\/wp\/v2\/product_brand?post=4369"},{"taxonomy":"product_cat","embeddable":true,"href":"https:\/\/csgo-trade.net\/pt-pt\/wp-json\/wp\/v2\/product_cat?post=4369"},{"taxonomy":"product_tag","embeddable":true,"href":"https:\/\/csgo-trade.net\/pt-pt\/wp-json\/wp\/v2\/product_tag?post=4369"}],"curies":[{"name":"wp","href":"https:\/\/api.w.org\/{rel}","templated":true}]}}