{"id":4368,"date":"2022-09-27T08:23:46","date_gmt":"2022-09-27T08:23:46","guid":{"rendered":"https:\/\/skinpoint.r-s.space\/shop\/m4a4-global-offensive\/"},"modified":"2025-08-21T09:06:57","modified_gmt":"2025-08-21T09:06:57","slug":"m4a4-global-offensive","status":"publish","type":"product","link":"https:\/\/csgo-trade.net\/pt-pt\/catalog\/m4a4-global-offensive\/","title":{"rendered":"M4A4 | Global Offensive"},"content":{"rendered":"<p>Todo o corpo do rifle \u00e9 adornado com um padr\u00e3o de camuflagem pintado em um esquema de cores cinza e azul com inclus\u00f5es de amarelo.<\/p>\n","protected":false},"excerpt":{"rendered":"<p>Todo o corpo do rifle \u00e9 adornado com um padr\u00e3o de camuflagem pintado em um esquema de cores cinza e azul com inclus\u00f5es de amarelo.<\/p>\n","protected":false},"featured_media":3458,"comment_status":"open","ping_status":"closed","template":"","meta":[],"product_brand":[],"product_cat":[192,253],"product_tag":[194],"class_list":{"0":"post-4368","1":"product","2":"type-product","3":"status-publish","4":"has-post-thumbnail","6":"product_cat-espingarda","7":"product_cat-m4a4-pt-pt","8":"product_tag-padrao-militar","9":"pa_all-products-skins","11":"first","12":"instock","13":"shipping-taxable","14":"purchasable","15":"product-type-simple"},"_links":{"self":[{"href":"https:\/\/csgo-trade.net\/pt-pt\/wp-json\/wp\/v2\/product\/4368","targetHints":{"allow":["GET"]}}],"collection":[{"href":"https:\/\/csgo-trade.net\/pt-pt\/wp-json\/wp\/v2\/product"}],"about":[{"href":"https:\/\/csgo-trade.net\/pt-pt\/wp-json\/wp\/v2\/types\/product"}],"replies":[{"embeddable":true,"href":"https:\/\/csgo-trade.net\/pt-pt\/wp-json\/wp\/v2\/comments?post=4368"}],"wp:featuredmedia":[{"embeddable":true,"href":"https:\/\/csgo-trade.net\/pt-pt\/wp-json\/wp\/v2\/media\/3458"}],"wp:attachment":[{"href":"https:\/\/csgo-trade.net\/pt-pt\/wp-json\/wp\/v2\/media?parent=4368"}],"wp:term":[{"taxonomy":"product_brand","embeddable":true,"href":"https:\/\/csgo-trade.net\/pt-pt\/wp-json\/wp\/v2\/product_brand?post=4368"},{"taxonomy":"product_cat","embeddable":true,"href":"https:\/\/csgo-trade.net\/pt-pt\/wp-json\/wp\/v2\/product_cat?post=4368"},{"taxonomy":"product_tag","embeddable":true,"href":"https:\/\/csgo-trade.net\/pt-pt\/wp-json\/wp\/v2\/product_tag?post=4368"}],"curies":[{"name":"wp","href":"https:\/\/api.w.org\/{rel}","templated":true}]}}