{"id":4367,"date":"2022-09-27T08:26:29","date_gmt":"2022-09-27T08:26:29","guid":{"rendered":"https:\/\/skinpoint.r-s.space\/shop\/scar-20-magna-carta\/"},"modified":"2025-08-21T09:06:59","modified_gmt":"2025-08-21T09:06:59","slug":"scar-20-magna-carta","status":"publish","type":"product","link":"https:\/\/csgo-trade.net\/pt-pt\/catalog\/scar-20-magna-carta\/","title":{"rendered":"SCAR-20 | Magna Carta"},"content":{"rendered":"<p>O receptor, a parte superior da coronha e a al\u00e7a s\u00e3o adornados com um padr\u00e3o na forma de fitas, monogramas e fragmentos de texto do documento medieval \u201cMagna Carta\u201d. O padr\u00e3o \u00e9 pintado em um esquema de cores roxo e bege. As partes individuais do rifle s\u00e3o pintadas de roxo s\u00f3lido. O cano, a mira e as pequenas partes individuais da arma n\u00e3o s\u00e3o pintadas.<\/p>\n","protected":false},"excerpt":{"rendered":"<p>O receptor, a parte superior da coronha e a al\u00e7a s\u00e3o adornados com um padr\u00e3o na forma de fitas, monogramas e fragmentos de texto do documento medieval \u201cMagna Carta\u201d. O padr\u00e3o \u00e9 pintado em um esquema de cores roxo e bege. As partes individuais do rifle s\u00e3o pintadas de roxo s\u00f3lido. O cano, a mira [&#8230;]\n","protected":false},"featured_media":3461,"comment_status":"open","ping_status":"closed","template":"","meta":[],"product_brand":[],"product_cat":[192,254],"product_tag":[194],"class_list":{"0":"post-4367","1":"product","2":"type-product","3":"status-publish","4":"has-post-thumbnail","6":"product_cat-espingarda","7":"product_cat-scar-20-pt-pt","8":"product_tag-padrao-militar","9":"pa_all-products-skins","11":"first","12":"instock","13":"shipping-taxable","14":"purchasable","15":"product-type-simple"},"_links":{"self":[{"href":"https:\/\/csgo-trade.net\/pt-pt\/wp-json\/wp\/v2\/product\/4367","targetHints":{"allow":["GET"]}}],"collection":[{"href":"https:\/\/csgo-trade.net\/pt-pt\/wp-json\/wp\/v2\/product"}],"about":[{"href":"https:\/\/csgo-trade.net\/pt-pt\/wp-json\/wp\/v2\/types\/product"}],"replies":[{"embeddable":true,"href":"https:\/\/csgo-trade.net\/pt-pt\/wp-json\/wp\/v2\/comments?post=4367"}],"wp:featuredmedia":[{"embeddable":true,"href":"https:\/\/csgo-trade.net\/pt-pt\/wp-json\/wp\/v2\/media\/3461"}],"wp:attachment":[{"href":"https:\/\/csgo-trade.net\/pt-pt\/wp-json\/wp\/v2\/media?parent=4367"}],"wp:term":[{"taxonomy":"product_brand","embeddable":true,"href":"https:\/\/csgo-trade.net\/pt-pt\/wp-json\/wp\/v2\/product_brand?post=4367"},{"taxonomy":"product_cat","embeddable":true,"href":"https:\/\/csgo-trade.net\/pt-pt\/wp-json\/wp\/v2\/product_cat?post=4367"},{"taxonomy":"product_tag","embeddable":true,"href":"https:\/\/csgo-trade.net\/pt-pt\/wp-json\/wp\/v2\/product_tag?post=4367"}],"curies":[{"name":"wp","href":"https:\/\/api.w.org\/{rel}","templated":true}]}}