{"id":4366,"date":"2022-09-27T08:31:22","date_gmt":"2022-09-27T08:31:22","guid":{"rendered":"https:\/\/skinpoint.r-s.space\/shop\/mag-7-carbon-fiber\/"},"modified":"2025-08-21T09:06:51","modified_gmt":"2025-08-21T09:06:51","slug":"mag-7-carbon-fiber","status":"publish","type":"product","link":"https:\/\/csgo-trade.net\/pt-pt\/catalog\/mag-7-carbon-fiber\/","title":{"rendered":"MAG-7 | Carbon Fiber"},"content":{"rendered":"<p>O corpo da espingarda \u00e9 adornado com um padr\u00e3o que imita a textura de um revestimento de fibra de carbono. O cano, o protetor de m\u00e3o, o carregador e v\u00e1rias partes pequenas da arma n\u00e3o s\u00e3o pintados.<\/p>\n","protected":false},"excerpt":{"rendered":"<p>O corpo da espingarda \u00e9 adornado com um padr\u00e3o que imita a textura de um revestimento de fibra de carbono. O cano, o protetor de m\u00e3o, o carregador e v\u00e1rias partes pequenas da arma n\u00e3o s\u00e3o pintados.<\/p>\n","protected":false},"featured_media":3467,"comment_status":"open","ping_status":"closed","template":"","meta":[],"product_brand":[],"product_cat":[209,211],"product_tag":[269],"class_list":{"0":"post-4366","1":"product","2":"type-product","3":"status-publish","4":"has-post-thumbnail","6":"product_cat-arma-pesada","7":"product_cat-mag-7-pt-pt","8":"product_tag-padrao-industrial","9":"pa_all-products-skins","11":"first","12":"instock","13":"shipping-taxable","14":"purchasable","15":"product-type-simple"},"_links":{"self":[{"href":"https:\/\/csgo-trade.net\/pt-pt\/wp-json\/wp\/v2\/product\/4366","targetHints":{"allow":["GET"]}}],"collection":[{"href":"https:\/\/csgo-trade.net\/pt-pt\/wp-json\/wp\/v2\/product"}],"about":[{"href":"https:\/\/csgo-trade.net\/pt-pt\/wp-json\/wp\/v2\/types\/product"}],"replies":[{"embeddable":true,"href":"https:\/\/csgo-trade.net\/pt-pt\/wp-json\/wp\/v2\/comments?post=4366"}],"wp:featuredmedia":[{"embeddable":true,"href":"https:\/\/csgo-trade.net\/pt-pt\/wp-json\/wp\/v2\/media\/3467"}],"wp:attachment":[{"href":"https:\/\/csgo-trade.net\/pt-pt\/wp-json\/wp\/v2\/media?parent=4366"}],"wp:term":[{"taxonomy":"product_brand","embeddable":true,"href":"https:\/\/csgo-trade.net\/pt-pt\/wp-json\/wp\/v2\/product_brand?post=4366"},{"taxonomy":"product_cat","embeddable":true,"href":"https:\/\/csgo-trade.net\/pt-pt\/wp-json\/wp\/v2\/product_cat?post=4366"},{"taxonomy":"product_tag","embeddable":true,"href":"https:\/\/csgo-trade.net\/pt-pt\/wp-json\/wp\/v2\/product_tag?post=4366"}],"curies":[{"name":"wp","href":"https:\/\/api.w.org\/{rel}","templated":true}]}}