{"id":4364,"date":"2022-09-27T08:36:37","date_gmt":"2022-09-27T08:36:37","guid":{"rendered":"https:\/\/skinpoint.r-s.space\/shop\/desert-eagle-the-bronze\/"},"modified":"2025-08-21T09:06:54","modified_gmt":"2025-08-21T09:06:54","slug":"desert-eagle-the-bronze","status":"publish","type":"product","link":"https:\/\/csgo-trade.net\/pt-pt\/catalog\/desert-eagle-the-bronze\/","title":{"rendered":"Desert Eagle | The Bronze"},"content":{"rendered":"<p>Todo o corpo da pistola \u00e9 adornado com um padr\u00e3o na forma de n\u00fameros de tamanhos diferentes dispostos aleatoriamente. O esquema de cores da pele inclui v\u00e1rios tons de bege, laranja e marrom. O padr\u00e3o \u00e9 aplicado com tintas met\u00e1licas.<\/p>\n","protected":false},"excerpt":{"rendered":"<p>Todo o corpo da pistola \u00e9 adornado com um padr\u00e3o na forma de n\u00fameros de tamanhos diferentes dispostos aleatoriamente. O esquema de cores da pele inclui v\u00e1rios tons de bege, laranja e marrom. O padr\u00e3o \u00e9 aplicado com tintas met\u00e1licas.<\/p>\n","protected":false},"featured_media":3473,"comment_status":"open","ping_status":"closed","template":"","meta":[],"product_brand":[],"product_cat":[238,236],"product_tag":[269],"class_list":{"0":"post-4364","1":"product","2":"type-product","3":"status-publish","4":"has-post-thumbnail","6":"product_cat-desert-eagle-pt-pt","7":"product_cat-pistolas","8":"product_tag-padrao-industrial","9":"pa_all-products-skins","11":"first","12":"instock","13":"shipping-taxable","14":"purchasable","15":"product-type-simple"},"_links":{"self":[{"href":"https:\/\/csgo-trade.net\/pt-pt\/wp-json\/wp\/v2\/product\/4364","targetHints":{"allow":["GET"]}}],"collection":[{"href":"https:\/\/csgo-trade.net\/pt-pt\/wp-json\/wp\/v2\/product"}],"about":[{"href":"https:\/\/csgo-trade.net\/pt-pt\/wp-json\/wp\/v2\/types\/product"}],"replies":[{"embeddable":true,"href":"https:\/\/csgo-trade.net\/pt-pt\/wp-json\/wp\/v2\/comments?post=4364"}],"wp:featuredmedia":[{"embeddable":true,"href":"https:\/\/csgo-trade.net\/pt-pt\/wp-json\/wp\/v2\/media\/3473"}],"wp:attachment":[{"href":"https:\/\/csgo-trade.net\/pt-pt\/wp-json\/wp\/v2\/media?parent=4364"}],"wp:term":[{"taxonomy":"product_brand","embeddable":true,"href":"https:\/\/csgo-trade.net\/pt-pt\/wp-json\/wp\/v2\/product_brand?post=4364"},{"taxonomy":"product_cat","embeddable":true,"href":"https:\/\/csgo-trade.net\/pt-pt\/wp-json\/wp\/v2\/product_cat?post=4364"},{"taxonomy":"product_tag","embeddable":true,"href":"https:\/\/csgo-trade.net\/pt-pt\/wp-json\/wp\/v2\/product_tag?post=4364"}],"curies":[{"name":"wp","href":"https:\/\/api.w.org\/{rel}","templated":true}]}}