{"id":4363,"date":"2022-09-27T08:34:26","date_gmt":"2022-09-27T08:34:26","guid":{"rendered":"https:\/\/skinpoint.r-s.space\/shop\/dual-berettas-switch-board\/"},"modified":"2025-08-21T09:06:46","modified_gmt":"2025-08-21T09:06:46","slug":"dual-berettas-switch-board","status":"publish","type":"product","link":"https:\/\/csgo-trade.net\/pt-pt\/catalog\/dual-berettas-switch-board\/","title":{"rendered":"Dual Berettas | Switch Board"},"content":{"rendered":"<p>Os corpos das pistolas s\u00e3o adornados com um padr\u00e3o na forma de n\u00fameros de tamanhos diferentes dispostos aleatoriamente. A pele \u00e9 pintada em um esquema de cores verde. Os canos e as pequenas partes individuais das pistolas s\u00e3o pintados de c\u00e1qui s\u00f3lido.<\/p>\n","protected":false},"excerpt":{"rendered":"<p>Os corpos das pistolas s\u00e3o adornados com um padr\u00e3o na forma de n\u00fameros de tamanhos diferentes dispostos aleatoriamente. A pele \u00e9 pintada em um esquema de cores verde. Os canos e as pequenas partes individuais das pistolas s\u00e3o pintados de c\u00e1qui s\u00f3lido.<\/p>\n","protected":false},"featured_media":3470,"comment_status":"open","ping_status":"closed","template":"","meta":[],"product_brand":[],"product_cat":[239,236],"product_tag":[269],"class_list":{"0":"post-4363","1":"product","2":"type-product","3":"status-publish","4":"has-post-thumbnail","6":"product_cat-dual-berettas-pt-pt","7":"product_cat-pistolas","8":"product_tag-padrao-industrial","9":"pa_all-products-skins","11":"first","12":"instock","13":"shipping-taxable","14":"purchasable","15":"product-type-simple"},"_links":{"self":[{"href":"https:\/\/csgo-trade.net\/pt-pt\/wp-json\/wp\/v2\/product\/4363","targetHints":{"allow":["GET"]}}],"collection":[{"href":"https:\/\/csgo-trade.net\/pt-pt\/wp-json\/wp\/v2\/product"}],"about":[{"href":"https:\/\/csgo-trade.net\/pt-pt\/wp-json\/wp\/v2\/types\/product"}],"replies":[{"embeddable":true,"href":"https:\/\/csgo-trade.net\/pt-pt\/wp-json\/wp\/v2\/comments?post=4363"}],"wp:featuredmedia":[{"embeddable":true,"href":"https:\/\/csgo-trade.net\/pt-pt\/wp-json\/wp\/v2\/media\/3470"}],"wp:attachment":[{"href":"https:\/\/csgo-trade.net\/pt-pt\/wp-json\/wp\/v2\/media?parent=4363"}],"wp:term":[{"taxonomy":"product_brand","embeddable":true,"href":"https:\/\/csgo-trade.net\/pt-pt\/wp-json\/wp\/v2\/product_brand?post=4363"},{"taxonomy":"product_cat","embeddable":true,"href":"https:\/\/csgo-trade.net\/pt-pt\/wp-json\/wp\/v2\/product_cat?post=4363"},{"taxonomy":"product_tag","embeddable":true,"href":"https:\/\/csgo-trade.net\/pt-pt\/wp-json\/wp\/v2\/product_tag?post=4363"}],"curies":[{"name":"wp","href":"https:\/\/api.w.org\/{rel}","templated":true}]}}