{"id":4359,"date":"2022-09-27T08:44:07","date_gmt":"2022-09-27T08:44:07","guid":{"rendered":"https:\/\/skinpoint.r-s.space\/shop\/mp9-army-sheen\/"},"modified":"2023-04-25T17:25:26","modified_gmt":"2023-04-25T17:25:26","slug":"mp9-army-sheen","status":"publish","type":"product","link":"https:\/\/csgo-trade.net\/pt-pt\/catalog\/mp9-army-sheen\/","title":{"rendered":"MP9 | Army Sheen"},"content":{"rendered":"<p>O corpo da pistola \u00e9 cromado e adornado com um padr\u00e3o de camuflagem militar pintado em um esquema de cores preto e verde. O cano, a coronha e o carregador n\u00e3o s\u00e3o pintados.<\/p>\n","protected":false},"excerpt":{"rendered":"<p>O corpo da pistola \u00e9 cromado e adornado com um padr\u00e3o de camuflagem militar pintado em um esquema de cores preto e verde. O cano, a coronha e o carregador n\u00e3o s\u00e3o pintados.<\/p>\n","protected":false},"featured_media":3482,"comment_status":"open","ping_status":"closed","template":"","meta":[],"product_brand":[],"product_cat":[261,257],"product_tag":[266],"class_list":{"0":"post-4359","1":"product","2":"type-product","3":"status-publish","4":"has-post-thumbnail","6":"product_cat-mp9-pt-pt","7":"product_cat-submetralhadoras","8":"product_tag-padrao-domestico","9":"pa_all-products-skins","11":"first","12":"instock","13":"shipping-taxable","14":"purchasable","15":"product-type-simple"},"_links":{"self":[{"href":"https:\/\/csgo-trade.net\/pt-pt\/wp-json\/wp\/v2\/product\/4359","targetHints":{"allow":["GET"]}}],"collection":[{"href":"https:\/\/csgo-trade.net\/pt-pt\/wp-json\/wp\/v2\/product"}],"about":[{"href":"https:\/\/csgo-trade.net\/pt-pt\/wp-json\/wp\/v2\/types\/product"}],"replies":[{"embeddable":true,"href":"https:\/\/csgo-trade.net\/pt-pt\/wp-json\/wp\/v2\/comments?post=4359"}],"wp:featuredmedia":[{"embeddable":true,"href":"https:\/\/csgo-trade.net\/pt-pt\/wp-json\/wp\/v2\/media\/3482"}],"wp:attachment":[{"href":"https:\/\/csgo-trade.net\/pt-pt\/wp-json\/wp\/v2\/media?parent=4359"}],"wp:term":[{"taxonomy":"product_brand","embeddable":true,"href":"https:\/\/csgo-trade.net\/pt-pt\/wp-json\/wp\/v2\/product_brand?post=4359"},{"taxonomy":"product_cat","embeddable":true,"href":"https:\/\/csgo-trade.net\/pt-pt\/wp-json\/wp\/v2\/product_cat?post=4359"},{"taxonomy":"product_tag","embeddable":true,"href":"https:\/\/csgo-trade.net\/pt-pt\/wp-json\/wp\/v2\/product_tag?post=4359"}],"curies":[{"name":"wp","href":"https:\/\/api.w.org\/{rel}","templated":true}]}}