{"id":4356,"date":"2022-09-27T10:22:44","date_gmt":"2022-09-27T10:22:44","guid":{"rendered":"https:\/\/skinpoint.r-s.space\/shop\/awp-oni-taiji\/"},"modified":"2025-08-21T09:06:55","modified_gmt":"2025-08-21T09:06:55","slug":"awp-oni-taiji","status":"publish","type":"product","link":"https:\/\/csgo-trade.net\/pt-pt\/catalog\/awp-oni-taiji\/","title":{"rendered":"AWP | Oni Taiji"},"content":{"rendered":"<p>O desenho da skin \u00e9 feito no estilo da pintura tradicional japonesa. Todo o corpo do rifle \u00e9 adornado com a imagem de uma batalha entre um samurai e um dem\u00f4nio. A imagem do dem\u00f4nio \u00e9 feita em v\u00e1rios tons de vermelho e localizada na coronha. A imagem do samurai com uma espada na m\u00e3o est\u00e1 localizada no receptor e no protetor de m\u00e3o.<\/p>\n","protected":false},"excerpt":{"rendered":"<p>O desenho da skin \u00e9 feito no estilo da pintura tradicional japonesa. Todo o corpo do rifle \u00e9 adornado com a imagem de uma batalha entre um samurai e um dem\u00f4nio. A imagem do dem\u00f4nio \u00e9 feita em v\u00e1rios tons de vermelho e localizada na coronha. A imagem do samurai com uma espada na m\u00e3o [&#8230;]\n","protected":false},"featured_media":3490,"comment_status":"open","ping_status":"closed","template":"","meta":[],"product_brand":[],"product_cat":[248,192],"product_tag":[267],"class_list":{"0":"post-4356","1":"product","2":"type-product","3":"status-publish","4":"has-post-thumbnail","6":"product_cat-awp-pt-pt","7":"product_cat-espingarda","8":"product_tag-secreto","9":"pa_all-products-skins","11":"first","12":"instock","13":"shipping-taxable","14":"purchasable","15":"product-type-simple"},"_links":{"self":[{"href":"https:\/\/csgo-trade.net\/pt-pt\/wp-json\/wp\/v2\/product\/4356","targetHints":{"allow":["GET"]}}],"collection":[{"href":"https:\/\/csgo-trade.net\/pt-pt\/wp-json\/wp\/v2\/product"}],"about":[{"href":"https:\/\/csgo-trade.net\/pt-pt\/wp-json\/wp\/v2\/types\/product"}],"replies":[{"embeddable":true,"href":"https:\/\/csgo-trade.net\/pt-pt\/wp-json\/wp\/v2\/comments?post=4356"}],"wp:featuredmedia":[{"embeddable":true,"href":"https:\/\/csgo-trade.net\/pt-pt\/wp-json\/wp\/v2\/media\/3490"}],"wp:attachment":[{"href":"https:\/\/csgo-trade.net\/pt-pt\/wp-json\/wp\/v2\/media?parent=4356"}],"wp:term":[{"taxonomy":"product_brand","embeddable":true,"href":"https:\/\/csgo-trade.net\/pt-pt\/wp-json\/wp\/v2\/product_brand?post=4356"},{"taxonomy":"product_cat","embeddable":true,"href":"https:\/\/csgo-trade.net\/pt-pt\/wp-json\/wp\/v2\/product_cat?post=4356"},{"taxonomy":"product_tag","embeddable":true,"href":"https:\/\/csgo-trade.net\/pt-pt\/wp-json\/wp\/v2\/product_tag?post=4356"}],"curies":[{"name":"wp","href":"https:\/\/api.w.org\/{rel}","templated":true}]}}