{"id":4353,"date":"2022-09-27T10:34:42","date_gmt":"2022-09-27T10:34:42","guid":{"rendered":"https:\/\/skinpoint.r-s.space\/shop\/dual-berettas-cobra-strike\/"},"modified":"2025-08-21T09:06:44","modified_gmt":"2025-08-21T09:06:44","slug":"dual-berettas-cobra-strike","status":"publish","type":"product","link":"https:\/\/csgo-trade.net\/pt-pt\/catalog\/dual-berettas-cobra-strike\/","title":{"rendered":"Dual Berettas | Cobra Strike"},"content":{"rendered":"<p>Os corpos das pistolas s\u00e3o pintados em um tom escuro de c\u00e1qui. As partes superiores das persianas s\u00e3o pintadas em tons neon de verde e lembram uma l\u00e2mpada com veneno. As partes inferiores das persianas s\u00e3o adornadas com um padr\u00e3o geom\u00e9trico em forma de grade hexagonal. As al\u00e7as s\u00e3o adornadas com imagens de cobras. O design \u00e9 complementado por pequenos detalhes em amarelo.<\/p>\n","protected":false},"excerpt":{"rendered":"<p>Os corpos das pistolas s\u00e3o pintados em um tom escuro de c\u00e1qui. As partes superiores das persianas s\u00e3o pintadas em tons neon de verde e lembram uma l\u00e2mpada com veneno. As partes inferiores das persianas s\u00e3o adornadas com um padr\u00e3o geom\u00e9trico em forma de grade hexagonal. As al\u00e7as s\u00e3o adornadas com imagens de cobras. O [&#8230;]\n","protected":false},"featured_media":3499,"comment_status":"open","ping_status":"closed","template":"","meta":[],"product_brand":[],"product_cat":[239,236],"product_tag":[265],"class_list":{"0":"post-4353","1":"product","2":"type-product","3":"status-publish","4":"has-post-thumbnail","6":"product_cat-dual-berettas-pt-pt","7":"product_cat-pistolas","8":"product_tag-confidencial","9":"pa_all-products-skins","11":"first","12":"instock","13":"shipping-taxable","14":"purchasable","15":"product-type-simple"},"_links":{"self":[{"href":"https:\/\/csgo-trade.net\/pt-pt\/wp-json\/wp\/v2\/product\/4353","targetHints":{"allow":["GET"]}}],"collection":[{"href":"https:\/\/csgo-trade.net\/pt-pt\/wp-json\/wp\/v2\/product"}],"about":[{"href":"https:\/\/csgo-trade.net\/pt-pt\/wp-json\/wp\/v2\/types\/product"}],"replies":[{"embeddable":true,"href":"https:\/\/csgo-trade.net\/pt-pt\/wp-json\/wp\/v2\/comments?post=4353"}],"wp:featuredmedia":[{"embeddable":true,"href":"https:\/\/csgo-trade.net\/pt-pt\/wp-json\/wp\/v2\/media\/3499"}],"wp:attachment":[{"href":"https:\/\/csgo-trade.net\/pt-pt\/wp-json\/wp\/v2\/media?parent=4353"}],"wp:term":[{"taxonomy":"product_brand","embeddable":true,"href":"https:\/\/csgo-trade.net\/pt-pt\/wp-json\/wp\/v2\/product_brand?post=4353"},{"taxonomy":"product_cat","embeddable":true,"href":"https:\/\/csgo-trade.net\/pt-pt\/wp-json\/wp\/v2\/product_cat?post=4353"},{"taxonomy":"product_tag","embeddable":true,"href":"https:\/\/csgo-trade.net\/pt-pt\/wp-json\/wp\/v2\/product_tag?post=4353"}],"curies":[{"name":"wp","href":"https:\/\/api.w.org\/{rel}","templated":true}]}}