{"id":4350,"date":"2022-09-27T10:53:25","date_gmt":"2022-09-27T10:53:25","guid":{"rendered":"https:\/\/skinpoint.r-s.space\/shop\/ak-47-orbit-mk01\/"},"modified":"2025-08-21T09:06:17","modified_gmt":"2025-08-21T09:06:17","slug":"ak-47-orbit-mk01","status":"publish","type":"product","link":"https:\/\/csgo-trade.net\/pt-pt\/catalog\/ak-47-orbit-mk01\/","title":{"rendered":"AK-47 | Orbit Mk01"},"content":{"rendered":"<p>O design futurista da skin \u00e9 feito nas cores vermelho e cinza. Os fragmentos de cinza s\u00e3o complementados por um padr\u00e3o que imita pain\u00e9is de metal. Algumas \u00e1reas da pele s\u00e3o envelhecidas artificialmente.<\/p>\n","protected":false},"excerpt":{"rendered":"<p>O design futurista da skin \u00e9 feito nas cores vermelho e cinza. Os fragmentos de cinza s\u00e3o complementados por um padr\u00e3o que imita pain\u00e9is de metal. Algumas \u00e1reas da pele s\u00e3o envelhecidas artificialmente.<\/p>\n","protected":false},"featured_media":3508,"comment_status":"open","ping_status":"closed","template":"","meta":[],"product_brand":[],"product_cat":[247,192],"product_tag":[270],"class_list":{"0":"post-4350","1":"product","2":"type-product","3":"status-publish","4":"has-post-thumbnail","6":"product_cat-ak-47-pt-pt","7":"product_cat-espingarda","8":"product_tag-restrito","9":"pa_all-products-skins","11":"first","12":"instock","13":"shipping-taxable","14":"purchasable","15":"product-type-simple"},"_links":{"self":[{"href":"https:\/\/csgo-trade.net\/pt-pt\/wp-json\/wp\/v2\/product\/4350","targetHints":{"allow":["GET"]}}],"collection":[{"href":"https:\/\/csgo-trade.net\/pt-pt\/wp-json\/wp\/v2\/product"}],"about":[{"href":"https:\/\/csgo-trade.net\/pt-pt\/wp-json\/wp\/v2\/types\/product"}],"replies":[{"embeddable":true,"href":"https:\/\/csgo-trade.net\/pt-pt\/wp-json\/wp\/v2\/comments?post=4350"}],"wp:featuredmedia":[{"embeddable":true,"href":"https:\/\/csgo-trade.net\/pt-pt\/wp-json\/wp\/v2\/media\/3508"}],"wp:attachment":[{"href":"https:\/\/csgo-trade.net\/pt-pt\/wp-json\/wp\/v2\/media?parent=4350"}],"wp:term":[{"taxonomy":"product_brand","embeddable":true,"href":"https:\/\/csgo-trade.net\/pt-pt\/wp-json\/wp\/v2\/product_brand?post=4350"},{"taxonomy":"product_cat","embeddable":true,"href":"https:\/\/csgo-trade.net\/pt-pt\/wp-json\/wp\/v2\/product_cat?post=4350"},{"taxonomy":"product_tag","embeddable":true,"href":"https:\/\/csgo-trade.net\/pt-pt\/wp-json\/wp\/v2\/product_tag?post=4350"}],"curies":[{"name":"wp","href":"https:\/\/api.w.org\/{rel}","templated":true}]}}