{"id":4349,"date":"2022-09-27T10:55:40","date_gmt":"2022-09-27T10:55:40","guid":{"rendered":"https:\/\/skinpoint.r-s.space\/shop\/m4a1-s-briefing\/"},"modified":"2025-08-21T09:06:18","modified_gmt":"2025-08-21T09:06:18","slug":"m4a1-s-briefing","status":"publish","type":"product","link":"https:\/\/csgo-trade.net\/pt-pt\/catalog\/m4a1-s-briefing\/","title":{"rendered":"M4A1-S | Briefing"},"content":{"rendered":"<p>O corpo do rifle \u00e9 adornado com um padr\u00e3o semelhante a um mapa topogr\u00e1fico feito em v\u00e1rios tons de cinza. Algumas partes da arma s\u00e3o revestidas com tinta cinza e azul escuro e complementadas com detalhes em vermelho.<\/p>\n","protected":false},"excerpt":{"rendered":"<p>O corpo do rifle \u00e9 adornado com um padr\u00e3o semelhante a um mapa topogr\u00e1fico feito em v\u00e1rios tons de cinza. Algumas partes da arma s\u00e3o revestidas com tinta cinza e azul escuro e complementadas com detalhes em vermelho.<\/p>\n","protected":false},"featured_media":3511,"comment_status":"open","ping_status":"closed","template":"","meta":[],"product_brand":[],"product_cat":[192,252],"product_tag":[194],"class_list":{"0":"post-4349","1":"product","2":"type-product","3":"status-publish","4":"has-post-thumbnail","6":"product_cat-espingarda","7":"product_cat-m4a1-s-pt-pt","8":"product_tag-padrao-militar","9":"pa_all-products-skins","11":"first","12":"instock","13":"shipping-taxable","14":"purchasable","15":"product-type-simple"},"_links":{"self":[{"href":"https:\/\/csgo-trade.net\/pt-pt\/wp-json\/wp\/v2\/product\/4349","targetHints":{"allow":["GET"]}}],"collection":[{"href":"https:\/\/csgo-trade.net\/pt-pt\/wp-json\/wp\/v2\/product"}],"about":[{"href":"https:\/\/csgo-trade.net\/pt-pt\/wp-json\/wp\/v2\/types\/product"}],"replies":[{"embeddable":true,"href":"https:\/\/csgo-trade.net\/pt-pt\/wp-json\/wp\/v2\/comments?post=4349"}],"wp:featuredmedia":[{"embeddable":true,"href":"https:\/\/csgo-trade.net\/pt-pt\/wp-json\/wp\/v2\/media\/3511"}],"wp:attachment":[{"href":"https:\/\/csgo-trade.net\/pt-pt\/wp-json\/wp\/v2\/media?parent=4349"}],"wp:term":[{"taxonomy":"product_brand","embeddable":true,"href":"https:\/\/csgo-trade.net\/pt-pt\/wp-json\/wp\/v2\/product_brand?post=4349"},{"taxonomy":"product_cat","embeddable":true,"href":"https:\/\/csgo-trade.net\/pt-pt\/wp-json\/wp\/v2\/product_cat?post=4349"},{"taxonomy":"product_tag","embeddable":true,"href":"https:\/\/csgo-trade.net\/pt-pt\/wp-json\/wp\/v2\/product_tag?post=4349"}],"curies":[{"name":"wp","href":"https:\/\/api.w.org\/{rel}","templated":true}]}}