{"id":4347,"date":"2022-09-27T10:58:40","date_gmt":"2022-09-27T10:58:40","guid":{"rendered":"https:\/\/skinpoint.r-s.space\/shop\/p90-death-grip\/"},"modified":"2025-08-21T09:06:06","modified_gmt":"2025-08-21T09:06:06","slug":"p90-death-grip","status":"publish","type":"product","link":"https:\/\/csgo-trade.net\/pt-pt\/catalog\/p90-death-grip\/","title":{"rendered":"P90 | Death Grip"},"content":{"rendered":"<p>O corpo da metralhadora \u00e9 adornado com in\u00fameras imagens de m\u00e3os humanas. O esquema de cores do padr\u00e3o inclui v\u00e1rios tons de cinza e azul. A revista e partes individuais da arma n\u00e3o s\u00e3o pintadas.<\/p>\n","protected":false},"excerpt":{"rendered":"<p>O corpo da metralhadora \u00e9 adornado com in\u00fameras imagens de m\u00e3os humanas. O esquema de cores do padr\u00e3o inclui v\u00e1rios tons de cinza e azul. A revista e partes individuais da arma n\u00e3o s\u00e3o pintadas.<\/p>\n","protected":false},"featured_media":3514,"comment_status":"open","ping_status":"closed","template":"","meta":[],"product_brand":[],"product_cat":[262,257],"product_tag":[270],"class_list":{"0":"post-4347","1":"product","2":"type-product","3":"status-publish","4":"has-post-thumbnail","6":"product_cat-p90-pt-pt","7":"product_cat-submetralhadoras","8":"product_tag-restrito","9":"pa_all-products-skins","11":"first","12":"instock","13":"shipping-taxable","14":"purchasable","15":"product-type-simple"},"_links":{"self":[{"href":"https:\/\/csgo-trade.net\/pt-pt\/wp-json\/wp\/v2\/product\/4347","targetHints":{"allow":["GET"]}}],"collection":[{"href":"https:\/\/csgo-trade.net\/pt-pt\/wp-json\/wp\/v2\/product"}],"about":[{"href":"https:\/\/csgo-trade.net\/pt-pt\/wp-json\/wp\/v2\/types\/product"}],"replies":[{"embeddable":true,"href":"https:\/\/csgo-trade.net\/pt-pt\/wp-json\/wp\/v2\/comments?post=4347"}],"wp:featuredmedia":[{"embeddable":true,"href":"https:\/\/csgo-trade.net\/pt-pt\/wp-json\/wp\/v2\/media\/3514"}],"wp:attachment":[{"href":"https:\/\/csgo-trade.net\/pt-pt\/wp-json\/wp\/v2\/media?parent=4347"}],"wp:term":[{"taxonomy":"product_brand","embeddable":true,"href":"https:\/\/csgo-trade.net\/pt-pt\/wp-json\/wp\/v2\/product_brand?post=4347"},{"taxonomy":"product_cat","embeddable":true,"href":"https:\/\/csgo-trade.net\/pt-pt\/wp-json\/wp\/v2\/product_cat?post=4347"},{"taxonomy":"product_tag","embeddable":true,"href":"https:\/\/csgo-trade.net\/pt-pt\/wp-json\/wp\/v2\/product_tag?post=4347"}],"curies":[{"name":"wp","href":"https:\/\/api.w.org\/{rel}","templated":true}]}}