{"id":4343,"date":"2022-09-27T11:05:59","date_gmt":"2022-09-27T11:05:59","guid":{"rendered":"https:\/\/skinpoint.r-s.space\/shop\/ssg-08-deaths-head\/"},"modified":"2025-08-21T09:06:05","modified_gmt":"2025-08-21T09:06:05","slug":"ssg-08-deaths-head","status":"publish","type":"product","link":"https:\/\/csgo-trade.net\/pt-pt\/catalog\/ssg-08-deaths-head\/","title":{"rendered":"SSG 08 | Death&#8217;s Head"},"content":{"rendered":"<p>Todo o corpo do rifle \u00e9 adornado com uma estampa animalesca que imita a cor da borboleta \u201cCabe\u00e7a da Morte\u201d. O esquema de cores da skin inclui v\u00e1rios tons de marrom, amarelo e cinza. A mira e as pequenas partes individuais da arma n\u00e3o s\u00e3o pintadas.<\/p>\n","protected":false},"excerpt":{"rendered":"<p>Todo o corpo do rifle \u00e9 adornado com uma estampa animalesca que imita a cor da borboleta \u201cCabe\u00e7a da Morte\u201d. O esquema de cores da skin inclui v\u00e1rios tons de marrom, amarelo e cinza. A mira e as pequenas partes individuais da arma n\u00e3o s\u00e3o pintadas.<\/p>\n","protected":false},"featured_media":3523,"comment_status":"open","ping_status":"closed","template":"","meta":[],"product_brand":[],"product_cat":[192,256],"product_tag":[270],"class_list":{"0":"post-4343","1":"product","2":"type-product","3":"status-publish","4":"has-post-thumbnail","6":"product_cat-espingarda","7":"product_cat-ssg-08-pt-pt","8":"product_tag-restrito","9":"pa_all-products-skins","11":"first","12":"instock","13":"shipping-taxable","14":"purchasable","15":"product-type-simple"},"_links":{"self":[{"href":"https:\/\/csgo-trade.net\/pt-pt\/wp-json\/wp\/v2\/product\/4343","targetHints":{"allow":["GET"]}}],"collection":[{"href":"https:\/\/csgo-trade.net\/pt-pt\/wp-json\/wp\/v2\/product"}],"about":[{"href":"https:\/\/csgo-trade.net\/pt-pt\/wp-json\/wp\/v2\/types\/product"}],"replies":[{"embeddable":true,"href":"https:\/\/csgo-trade.net\/pt-pt\/wp-json\/wp\/v2\/comments?post=4343"}],"wp:featuredmedia":[{"embeddable":true,"href":"https:\/\/csgo-trade.net\/pt-pt\/wp-json\/wp\/v2\/media\/3523"}],"wp:attachment":[{"href":"https:\/\/csgo-trade.net\/pt-pt\/wp-json\/wp\/v2\/media?parent=4343"}],"wp:term":[{"taxonomy":"product_brand","embeddable":true,"href":"https:\/\/csgo-trade.net\/pt-pt\/wp-json\/wp\/v2\/product_brand?post=4343"},{"taxonomy":"product_cat","embeddable":true,"href":"https:\/\/csgo-trade.net\/pt-pt\/wp-json\/wp\/v2\/product_cat?post=4343"},{"taxonomy":"product_tag","embeddable":true,"href":"https:\/\/csgo-trade.net\/pt-pt\/wp-json\/wp\/v2\/product_tag?post=4343"}],"curies":[{"name":"wp","href":"https:\/\/api.w.org\/{rel}","templated":true}]}}