{"id":4341,"date":"2022-09-27T11:12:40","date_gmt":"2022-09-27T11:12:40","guid":{"rendered":"https:\/\/skinpoint.r-s.space\/shop\/famas-macabre\/"},"modified":"2025-08-21T09:06:12","modified_gmt":"2025-08-21T09:06:12","slug":"famas-macabre","status":"publish","type":"product","link":"https:\/\/csgo-trade.net\/pt-pt\/catalog\/famas-macabre\/","title":{"rendered":"FAMAS | Macabre"},"content":{"rendered":"<p>Todo o corpo do rifle \u00e9 pintado de amarelo e adornado com um padr\u00e3o que lembra pedras e cr\u00e2nios humanos espalhados aleatoriamente. O esquema de cores do padr\u00e3o inclui v\u00e1rios tons de azeitona e c\u00e1qui. A arma possui m\u00faltiplas abras\u00f5es, que revelam a camada de tinta amarela.<\/p>\n","protected":false},"excerpt":{"rendered":"<p>Todo o corpo do rifle \u00e9 pintado de amarelo e adornado com um padr\u00e3o que lembra pedras e cr\u00e2nios humanos espalhados aleatoriamente. O esquema de cores do padr\u00e3o inclui v\u00e1rios tons de azeitona e c\u00e1qui. A arma possui m\u00faltiplas abras\u00f5es, que revelam a camada de tinta amarela.<\/p>\n","protected":false},"featured_media":3529,"comment_status":"open","ping_status":"closed","template":"","meta":[],"product_brand":[],"product_cat":[192,249],"product_tag":[194],"class_list":{"0":"post-4341","1":"product","2":"type-product","3":"status-publish","4":"has-post-thumbnail","6":"product_cat-espingarda","7":"product_cat-famas-pt-pt","8":"product_tag-padrao-militar","9":"pa_all-products-skins","11":"first","12":"instock","13":"shipping-taxable","14":"purchasable","15":"product-type-simple"},"_links":{"self":[{"href":"https:\/\/csgo-trade.net\/pt-pt\/wp-json\/wp\/v2\/product\/4341","targetHints":{"allow":["GET"]}}],"collection":[{"href":"https:\/\/csgo-trade.net\/pt-pt\/wp-json\/wp\/v2\/product"}],"about":[{"href":"https:\/\/csgo-trade.net\/pt-pt\/wp-json\/wp\/v2\/types\/product"}],"replies":[{"embeddable":true,"href":"https:\/\/csgo-trade.net\/pt-pt\/wp-json\/wp\/v2\/comments?post=4341"}],"wp:featuredmedia":[{"embeddable":true,"href":"https:\/\/csgo-trade.net\/pt-pt\/wp-json\/wp\/v2\/media\/3529"}],"wp:attachment":[{"href":"https:\/\/csgo-trade.net\/pt-pt\/wp-json\/wp\/v2\/media?parent=4341"}],"wp:term":[{"taxonomy":"product_brand","embeddable":true,"href":"https:\/\/csgo-trade.net\/pt-pt\/wp-json\/wp\/v2\/product_brand?post=4341"},{"taxonomy":"product_cat","embeddable":true,"href":"https:\/\/csgo-trade.net\/pt-pt\/wp-json\/wp\/v2\/product_cat?post=4341"},{"taxonomy":"product_tag","embeddable":true,"href":"https:\/\/csgo-trade.net\/pt-pt\/wp-json\/wp\/v2\/product_tag?post=4341"}],"curies":[{"name":"wp","href":"https:\/\/api.w.org\/{rel}","templated":true}]}}