{"id":4340,"date":"2022-09-27T11:20:06","date_gmt":"2022-09-27T11:20:06","guid":{"rendered":"https:\/\/skinpoint.r-s.space\/shop\/mac-10-aloha\/"},"modified":"2025-08-21T09:06:12","modified_gmt":"2025-08-21T09:06:12","slug":"mac-10-aloha","status":"publish","type":"product","link":"https:\/\/csgo-trade.net\/pt-pt\/catalog\/mac-10-aloha\/","title":{"rendered":"MAC-10 | Aloha"},"content":{"rendered":"<p>O receptor \u00e9 adornado com um padr\u00e3o de flores e folhas de hibisco. O padr\u00e3o \u00e9 pintado nas cores vermelho e bege. O resto da arma n\u00e3o \u00e9 pintado.<\/p>\n","protected":false},"excerpt":{"rendered":"<p>O receptor \u00e9 adornado com um padr\u00e3o de flores e folhas de hibisco. O padr\u00e3o \u00e9 pintado nas cores vermelho e bege. O resto da arma n\u00e3o \u00e9 pintado.<\/p>\n","protected":false},"featured_media":3532,"comment_status":"open","ping_status":"closed","template":"","meta":[],"product_brand":[],"product_cat":[258,257],"product_tag":[194],"class_list":{"0":"post-4340","1":"product","2":"type-product","3":"status-publish","4":"has-post-thumbnail","6":"product_cat-mac-10-pt-pt","7":"product_cat-submetralhadoras","8":"product_tag-padrao-militar","9":"pa_all-products-skins","11":"first","12":"instock","13":"shipping-taxable","14":"purchasable","15":"product-type-simple"},"_links":{"self":[{"href":"https:\/\/csgo-trade.net\/pt-pt\/wp-json\/wp\/v2\/product\/4340","targetHints":{"allow":["GET"]}}],"collection":[{"href":"https:\/\/csgo-trade.net\/pt-pt\/wp-json\/wp\/v2\/product"}],"about":[{"href":"https:\/\/csgo-trade.net\/pt-pt\/wp-json\/wp\/v2\/types\/product"}],"replies":[{"embeddable":true,"href":"https:\/\/csgo-trade.net\/pt-pt\/wp-json\/wp\/v2\/comments?post=4340"}],"wp:featuredmedia":[{"embeddable":true,"href":"https:\/\/csgo-trade.net\/pt-pt\/wp-json\/wp\/v2\/media\/3532"}],"wp:attachment":[{"href":"https:\/\/csgo-trade.net\/pt-pt\/wp-json\/wp\/v2\/media?parent=4340"}],"wp:term":[{"taxonomy":"product_brand","embeddable":true,"href":"https:\/\/csgo-trade.net\/pt-pt\/wp-json\/wp\/v2\/product_brand?post=4340"},{"taxonomy":"product_cat","embeddable":true,"href":"https:\/\/csgo-trade.net\/pt-pt\/wp-json\/wp\/v2\/product_cat?post=4340"},{"taxonomy":"product_tag","embeddable":true,"href":"https:\/\/csgo-trade.net\/pt-pt\/wp-json\/wp\/v2\/product_tag?post=4340"}],"curies":[{"name":"wp","href":"https:\/\/api.w.org\/{rel}","templated":true}]}}