{"id":4339,"date":"2022-09-27T11:25:00","date_gmt":"2022-09-27T11:25:00","guid":{"rendered":"https:\/\/skinpoint.r-s.space\/shop\/mag-7-hard-water\/"},"modified":"2025-08-21T09:05:32","modified_gmt":"2025-08-21T09:05:32","slug":"mag-7-hard-water","status":"publish","type":"product","link":"https:\/\/csgo-trade.net\/pt-pt\/catalog\/mag-7-hard-water\/","title":{"rendered":"MAG-7 | Hard Water"},"content":{"rendered":"<p>O corpo da arma \u00e9 adornado com um padr\u00e3o abstrato pintado em tons escuros de azul-petr\u00f3leo. O cano e a mira traseira s\u00e3o revestidos com tinta met\u00e1lica azul. As partes individuais da arma s\u00e3o pintadas de azul-petr\u00f3leo s\u00f3lido. O carregador e o protetor de m\u00e3o n\u00e3o s\u00e3o pintados.<\/p>\n","protected":false},"excerpt":{"rendered":"<p>O corpo da arma \u00e9 adornado com um padr\u00e3o abstrato pintado em tons escuros de azul-petr\u00f3leo. O cano e a mira traseira s\u00e3o revestidos com tinta met\u00e1lica azul. As partes individuais da arma s\u00e3o pintadas de azul-petr\u00f3leo s\u00f3lido. O carregador e o protetor de m\u00e3o n\u00e3o s\u00e3o pintados.<\/p>\n","protected":false},"featured_media":3538,"comment_status":"open","ping_status":"closed","template":"","meta":[],"product_brand":[],"product_cat":[209,211],"product_tag":[194],"class_list":{"0":"post-4339","1":"product","2":"type-product","3":"status-publish","4":"has-post-thumbnail","6":"product_cat-arma-pesada","7":"product_cat-mag-7-pt-pt","8":"product_tag-padrao-militar","9":"pa_all-products-skins","11":"first","12":"instock","13":"shipping-taxable","14":"purchasable","15":"product-type-simple"},"_links":{"self":[{"href":"https:\/\/csgo-trade.net\/pt-pt\/wp-json\/wp\/v2\/product\/4339","targetHints":{"allow":["GET"]}}],"collection":[{"href":"https:\/\/csgo-trade.net\/pt-pt\/wp-json\/wp\/v2\/product"}],"about":[{"href":"https:\/\/csgo-trade.net\/pt-pt\/wp-json\/wp\/v2\/types\/product"}],"replies":[{"embeddable":true,"href":"https:\/\/csgo-trade.net\/pt-pt\/wp-json\/wp\/v2\/comments?post=4339"}],"wp:featuredmedia":[{"embeddable":true,"href":"https:\/\/csgo-trade.net\/pt-pt\/wp-json\/wp\/v2\/media\/3538"}],"wp:attachment":[{"href":"https:\/\/csgo-trade.net\/pt-pt\/wp-json\/wp\/v2\/media?parent=4339"}],"wp:term":[{"taxonomy":"product_brand","embeddable":true,"href":"https:\/\/csgo-trade.net\/pt-pt\/wp-json\/wp\/v2\/product_brand?post=4339"},{"taxonomy":"product_cat","embeddable":true,"href":"https:\/\/csgo-trade.net\/pt-pt\/wp-json\/wp\/v2\/product_cat?post=4339"},{"taxonomy":"product_tag","embeddable":true,"href":"https:\/\/csgo-trade.net\/pt-pt\/wp-json\/wp\/v2\/product_tag?post=4339"}],"curies":[{"name":"wp","href":"https:\/\/api.w.org\/{rel}","templated":true}]}}