{"id":4338,"date":"2022-09-27T11:23:08","date_gmt":"2022-09-27T11:23:08","guid":{"rendered":"https:\/\/skinpoint.r-s.space\/shop\/ump-45-metal-flowers\/"},"modified":"2025-08-21T09:05:37","modified_gmt":"2025-08-21T09:05:37","slug":"ump-45-metal-flowers","status":"publish","type":"product","link":"https:\/\/csgo-trade.net\/pt-pt\/catalog\/ump-45-metal-flowers\/","title":{"rendered":"UMP-45 | Metal Flowers"},"content":{"rendered":"<p>O receptor da submetralhadora \u00e9 adornado com imagens de numerosas flores de metal e caveiras. O padr\u00e3o \u00e9 pintado em tons de cinza. O resto da arma n\u00e3o \u00e9 pintado.<\/p>\n","protected":false},"excerpt":{"rendered":"<p>O receptor da submetralhadora \u00e9 adornado com imagens de numerosas flores de metal e caveiras. O padr\u00e3o \u00e9 pintado em tons de cinza. O resto da arma n\u00e3o \u00e9 pintado.<\/p>\n","protected":false},"featured_media":3535,"comment_status":"open","ping_status":"closed","template":"","meta":[],"product_brand":[],"product_cat":[257,264],"product_tag":[194],"class_list":{"0":"post-4338","1":"product","2":"type-product","3":"status-publish","4":"has-post-thumbnail","6":"product_cat-submetralhadoras","7":"product_cat-ump-45-pt-pt","8":"product_tag-padrao-militar","9":"pa_all-products-skins","11":"first","12":"instock","13":"shipping-taxable","14":"purchasable","15":"product-type-simple"},"_links":{"self":[{"href":"https:\/\/csgo-trade.net\/pt-pt\/wp-json\/wp\/v2\/product\/4338","targetHints":{"allow":["GET"]}}],"collection":[{"href":"https:\/\/csgo-trade.net\/pt-pt\/wp-json\/wp\/v2\/product"}],"about":[{"href":"https:\/\/csgo-trade.net\/pt-pt\/wp-json\/wp\/v2\/types\/product"}],"replies":[{"embeddable":true,"href":"https:\/\/csgo-trade.net\/pt-pt\/wp-json\/wp\/v2\/comments?post=4338"}],"wp:featuredmedia":[{"embeddable":true,"href":"https:\/\/csgo-trade.net\/pt-pt\/wp-json\/wp\/v2\/media\/3535"}],"wp:attachment":[{"href":"https:\/\/csgo-trade.net\/pt-pt\/wp-json\/wp\/v2\/media?parent=4338"}],"wp:term":[{"taxonomy":"product_brand","embeddable":true,"href":"https:\/\/csgo-trade.net\/pt-pt\/wp-json\/wp\/v2\/product_brand?post=4338"},{"taxonomy":"product_cat","embeddable":true,"href":"https:\/\/csgo-trade.net\/pt-pt\/wp-json\/wp\/v2\/product_cat?post=4338"},{"taxonomy":"product_tag","embeddable":true,"href":"https:\/\/csgo-trade.net\/pt-pt\/wp-json\/wp\/v2\/product_tag?post=4338"}],"curies":[{"name":"wp","href":"https:\/\/api.w.org\/{rel}","templated":true}]}}