{"id":4335,"date":"2022-09-27T11:44:17","date_gmt":"2022-09-27T11:44:17","guid":{"rendered":"https:\/\/skinpoint.r-s.space\/shop\/m4a4-neo-noir\/"},"modified":"2025-08-21T09:05:27","modified_gmt":"2025-08-21T09:05:27","slug":"m4a4-neo-noir","status":"publish","type":"product","link":"https:\/\/csgo-trade.net\/pt-pt\/catalog\/m4a4-neo-noir\/","title":{"rendered":"M4A4 | Neo-Noir"},"content":{"rendered":"<p>O design da skin \u00e9 feito no estilo c\u00f4mico neo-noir. A parte central do rifle, o carregador e o cabo s\u00e3o adornados com a imagem de uma menina com uma espada. Um fragmento de uma paisagem urbana \u00e9 pintado nas costas da menina. O esquema de cores da imagem inclui preto e v\u00e1rios tons de rosa, roxo e azul.<\/p>\n","protected":false},"excerpt":{"rendered":"<p>O design da skin \u00e9 feito no estilo c\u00f4mico neo-noir. A parte central do rifle, o carregador e o cabo s\u00e3o adornados com a imagem de uma menina com uma espada. Um fragmento de uma paisagem urbana \u00e9 pintado nas costas da menina. O esquema de cores da imagem inclui preto e v\u00e1rios tons de [&#8230;]\n","protected":false},"featured_media":3542,"comment_status":"open","ping_status":"closed","template":"","meta":[],"product_brand":[],"product_cat":[192,253],"product_tag":[267],"class_list":{"0":"post-4335","1":"product","2":"type-product","3":"status-publish","4":"has-post-thumbnail","6":"product_cat-espingarda","7":"product_cat-m4a4-pt-pt","8":"product_tag-secreto","9":"pa_all-products-skins","11":"first","12":"instock","13":"shipping-taxable","14":"purchasable","15":"product-type-simple"},"_links":{"self":[{"href":"https:\/\/csgo-trade.net\/pt-pt\/wp-json\/wp\/v2\/product\/4335","targetHints":{"allow":["GET"]}}],"collection":[{"href":"https:\/\/csgo-trade.net\/pt-pt\/wp-json\/wp\/v2\/product"}],"about":[{"href":"https:\/\/csgo-trade.net\/pt-pt\/wp-json\/wp\/v2\/types\/product"}],"replies":[{"embeddable":true,"href":"https:\/\/csgo-trade.net\/pt-pt\/wp-json\/wp\/v2\/comments?post=4335"}],"wp:featuredmedia":[{"embeddable":true,"href":"https:\/\/csgo-trade.net\/pt-pt\/wp-json\/wp\/v2\/media\/3542"}],"wp:attachment":[{"href":"https:\/\/csgo-trade.net\/pt-pt\/wp-json\/wp\/v2\/media?parent=4335"}],"wp:term":[{"taxonomy":"product_brand","embeddable":true,"href":"https:\/\/csgo-trade.net\/pt-pt\/wp-json\/wp\/v2\/product_brand?post=4335"},{"taxonomy":"product_cat","embeddable":true,"href":"https:\/\/csgo-trade.net\/pt-pt\/wp-json\/wp\/v2\/product_cat?post=4335"},{"taxonomy":"product_tag","embeddable":true,"href":"https:\/\/csgo-trade.net\/pt-pt\/wp-json\/wp\/v2\/product_tag?post=4335"}],"curies":[{"name":"wp","href":"https:\/\/api.w.org\/{rel}","templated":true}]}}