{"id":4334,"date":"2022-09-27T11:46:50","date_gmt":"2022-09-27T11:46:50","guid":{"rendered":"https:\/\/skinpoint.r-s.space\/shop\/usp-s-cortex\/"},"modified":"2025-08-21T09:05:36","modified_gmt":"2025-08-21T09:05:36","slug":"usp-s-cortex","status":"publish","type":"product","link":"https:\/\/csgo-trade.net\/pt-pt\/catalog\/usp-s-cortex\/","title":{"rendered":"USP-S | Cortex"},"content":{"rendered":"<p>O corpo da pistola \u00e9 pintado de marrom e complementado com um padr\u00e3o marrom escuro de cruzes de tamanhos diferentes. O slide \u00e9 pintado de cinza claro. A al\u00e7a \u00e9 adornada com a imagem de um esqueleto com o cr\u00e2nio partido ao meio. O conte\u00fado da caixa craniana \u00e9 pintado na forma de linhas onduladas rosa e cachos e ocupa a maior parte do slide e do silenciador.<\/p>\n","protected":false},"excerpt":{"rendered":"<p>O corpo da pistola \u00e9 pintado de marrom e complementado com um padr\u00e3o marrom escuro de cruzes de tamanhos diferentes. O slide \u00e9 pintado de cinza claro. A al\u00e7a \u00e9 adornada com a imagem de um esqueleto com o cr\u00e2nio partido ao meio. O conte\u00fado da caixa craniana \u00e9 pintado na forma de linhas onduladas [&#8230;]\n","protected":false},"featured_media":3545,"comment_status":"open","ping_status":"closed","template":"","meta":[],"product_brand":[],"product_cat":[236,246],"product_tag":[265],"class_list":{"0":"post-4334","1":"product","2":"type-product","3":"status-publish","4":"has-post-thumbnail","6":"product_cat-pistolas","7":"product_cat-usp-s-pt-pt","8":"product_tag-confidencial","9":"pa_all-products-skins","11":"first","12":"instock","13":"shipping-taxable","14":"purchasable","15":"product-type-simple"},"_links":{"self":[{"href":"https:\/\/csgo-trade.net\/pt-pt\/wp-json\/wp\/v2\/product\/4334","targetHints":{"allow":["GET"]}}],"collection":[{"href":"https:\/\/csgo-trade.net\/pt-pt\/wp-json\/wp\/v2\/product"}],"about":[{"href":"https:\/\/csgo-trade.net\/pt-pt\/wp-json\/wp\/v2\/types\/product"}],"replies":[{"embeddable":true,"href":"https:\/\/csgo-trade.net\/pt-pt\/wp-json\/wp\/v2\/comments?post=4334"}],"wp:featuredmedia":[{"embeddable":true,"href":"https:\/\/csgo-trade.net\/pt-pt\/wp-json\/wp\/v2\/media\/3545"}],"wp:attachment":[{"href":"https:\/\/csgo-trade.net\/pt-pt\/wp-json\/wp\/v2\/media?parent=4334"}],"wp:term":[{"taxonomy":"product_brand","embeddable":true,"href":"https:\/\/csgo-trade.net\/pt-pt\/wp-json\/wp\/v2\/product_brand?post=4334"},{"taxonomy":"product_cat","embeddable":true,"href":"https:\/\/csgo-trade.net\/pt-pt\/wp-json\/wp\/v2\/product_cat?post=4334"},{"taxonomy":"product_tag","embeddable":true,"href":"https:\/\/csgo-trade.net\/pt-pt\/wp-json\/wp\/v2\/product_tag?post=4334"}],"curies":[{"name":"wp","href":"https:\/\/api.w.org\/{rel}","templated":true}]}}