{"id":4333,"date":"2022-09-27T11:49:29","date_gmt":"2022-09-27T11:49:29","guid":{"rendered":"https:\/\/skinpoint.r-s.space\/shop\/awp-mortis\/"},"modified":"2025-08-21T09:05:31","modified_gmt":"2025-08-21T09:05:31","slug":"awp-mortis","status":"publish","type":"product","link":"https:\/\/csgo-trade.net\/pt-pt\/catalog\/awp-mortis\/","title":{"rendered":"AWP | Mortis"},"content":{"rendered":"<p>O design da skin \u00e9 inspirado na carta do Tar\u00f4 da Morte. A skin \u00e9 feita nas cores preto, marrom e vermelho. A coronha \u00e9 adornada com uma imagem do Grim Reaper. A parte central do receptor \u00e9 complementada com a imagem de um esqueleto de cavalo pintado sobre o fundo xadrez, que tamb\u00e9m est\u00e1 presente na luneta. A coronha \u00e9 adornada com um padr\u00e3o abstrato e in\u00fameras imagens de estrelas. O cano, a luneta e a parte de tr\u00e1s da coronha n\u00e3o s\u00e3o pintados.<\/p>\n","protected":false},"excerpt":{"rendered":"<p>O design da skin \u00e9 inspirado na carta do Tar\u00f4 da Morte. A skin \u00e9 feita nas cores preto, marrom e vermelho. A coronha \u00e9 adornada com uma imagem do Grim Reaper. A parte central do receptor \u00e9 complementada com a imagem de um esqueleto de cavalo pintado sobre o fundo xadrez, que tamb\u00e9m est\u00e1 [&#8230;]\n","protected":false},"featured_media":3548,"comment_status":"open","ping_status":"closed","template":"","meta":[],"product_brand":[],"product_cat":[248,192],"product_tag":[265],"class_list":{"0":"post-4333","1":"product","2":"type-product","3":"status-publish","4":"has-post-thumbnail","6":"product_cat-awp-pt-pt","7":"product_cat-espingarda","8":"product_tag-confidencial","9":"pa_all-products-skins","11":"first","12":"instock","13":"shipping-taxable","14":"purchasable","15":"product-type-simple"},"_links":{"self":[{"href":"https:\/\/csgo-trade.net\/pt-pt\/wp-json\/wp\/v2\/product\/4333","targetHints":{"allow":["GET"]}}],"collection":[{"href":"https:\/\/csgo-trade.net\/pt-pt\/wp-json\/wp\/v2\/product"}],"about":[{"href":"https:\/\/csgo-trade.net\/pt-pt\/wp-json\/wp\/v2\/types\/product"}],"replies":[{"embeddable":true,"href":"https:\/\/csgo-trade.net\/pt-pt\/wp-json\/wp\/v2\/comments?post=4333"}],"wp:featuredmedia":[{"embeddable":true,"href":"https:\/\/csgo-trade.net\/pt-pt\/wp-json\/wp\/v2\/media\/3548"}],"wp:attachment":[{"href":"https:\/\/csgo-trade.net\/pt-pt\/wp-json\/wp\/v2\/media?parent=4333"}],"wp:term":[{"taxonomy":"product_brand","embeddable":true,"href":"https:\/\/csgo-trade.net\/pt-pt\/wp-json\/wp\/v2\/product_brand?post=4333"},{"taxonomy":"product_cat","embeddable":true,"href":"https:\/\/csgo-trade.net\/pt-pt\/wp-json\/wp\/v2\/product_cat?post=4333"},{"taxonomy":"product_tag","embeddable":true,"href":"https:\/\/csgo-trade.net\/pt-pt\/wp-json\/wp\/v2\/product_tag?post=4333"}],"curies":[{"name":"wp","href":"https:\/\/api.w.org\/{rel}","templated":true}]}}