{"id":4332,"date":"2022-09-27T11:52:01","date_gmt":"2022-09-27T11:52:01","guid":{"rendered":"https:\/\/skinpoint.r-s.space\/shop\/aug-stymphalian\/"},"modified":"2025-08-21T09:05:24","modified_gmt":"2025-08-21T09:05:24","slug":"aug-stymphalian","status":"publish","type":"product","link":"https:\/\/csgo-trade.net\/pt-pt\/catalog\/aug-stymphalian\/","title":{"rendered":"AUG | Stymphalian"},"content":{"rendered":"<p>O corpo do rifle \u00e9 adornado com imagens da batalha entre os antigos arqueiros gregos e os p\u00e1ssaros Stymphalian. O design \u00e9 complementado com ornamentos tradicionais gregos antigos aplicados em ambas as al\u00e7as, no carregador e no cano. O padr\u00e3o \u00e9 feito em um esquema de cores marrom-dourado e lembra pinturas em \u00e2nforas gregas antigas.<\/p>\n","protected":false},"excerpt":{"rendered":"<p>O corpo do rifle \u00e9 adornado com imagens da batalha entre os antigos arqueiros gregos e os p\u00e1ssaros Stymphalian. O design \u00e9 complementado com ornamentos tradicionais gregos antigos aplicados em ambas as al\u00e7as, no carregador e no cano. O padr\u00e3o \u00e9 feito em um esquema de cores marrom-dourado e lembra pinturas em \u00e2nforas gregas antigas.<\/p>\n","protected":false},"featured_media":3551,"comment_status":"open","ping_status":"closed","template":"","meta":[],"product_brand":[],"product_cat":[193,192],"product_tag":[265],"class_list":{"0":"post-4332","1":"product","2":"type-product","3":"status-publish","4":"has-post-thumbnail","6":"product_cat-aug-pt-pt","7":"product_cat-espingarda","8":"product_tag-confidencial","9":"pa_all-products-skins","11":"first","12":"instock","13":"shipping-taxable","14":"purchasable","15":"product-type-simple"},"_links":{"self":[{"href":"https:\/\/csgo-trade.net\/pt-pt\/wp-json\/wp\/v2\/product\/4332","targetHints":{"allow":["GET"]}}],"collection":[{"href":"https:\/\/csgo-trade.net\/pt-pt\/wp-json\/wp\/v2\/product"}],"about":[{"href":"https:\/\/csgo-trade.net\/pt-pt\/wp-json\/wp\/v2\/types\/product"}],"replies":[{"embeddable":true,"href":"https:\/\/csgo-trade.net\/pt-pt\/wp-json\/wp\/v2\/comments?post=4332"}],"wp:featuredmedia":[{"embeddable":true,"href":"https:\/\/csgo-trade.net\/pt-pt\/wp-json\/wp\/v2\/media\/3551"}],"wp:attachment":[{"href":"https:\/\/csgo-trade.net\/pt-pt\/wp-json\/wp\/v2\/media?parent=4332"}],"wp:term":[{"taxonomy":"product_brand","embeddable":true,"href":"https:\/\/csgo-trade.net\/pt-pt\/wp-json\/wp\/v2\/product_brand?post=4332"},{"taxonomy":"product_cat","embeddable":true,"href":"https:\/\/csgo-trade.net\/pt-pt\/wp-json\/wp\/v2\/product_cat?post=4332"},{"taxonomy":"product_tag","embeddable":true,"href":"https:\/\/csgo-trade.net\/pt-pt\/wp-json\/wp\/v2\/product_tag?post=4332"}],"curies":[{"name":"wp","href":"https:\/\/api.w.org\/{rel}","templated":true}]}}