{"id":4330,"date":"2022-09-27T11:54:55","date_gmt":"2022-09-27T11:54:55","guid":{"rendered":"https:\/\/skinpoint.r-s.space\/shop\/mp7-bloodsport\/"},"modified":"2025-08-21T09:05:33","modified_gmt":"2025-08-21T09:05:33","slug":"mp7-bloodsport","status":"publish","type":"product","link":"https:\/\/csgo-trade.net\/pt-pt\/catalog\/mp7-bloodsport\/","title":{"rendered":"MP7 | Bloodsport"},"content":{"rendered":"<p>O corpo da metralhadora \u00e9 pintado nas cores vermelho, cinza e branco. O fundo \u00e9 adornado com numerosas inscri\u00e7\u00f5es de tamanhos diferentes que s\u00e3o digitadas com v\u00e1rias fontes. Algumas inscri\u00e7\u00f5es referem-se \u00e0s caracter\u00edsticas t\u00e9cnicas da arma. O design \u00e9 complementado por v\u00e1rias imagens e \u00edcones. Pequenas partes individuais do corpo s\u00e3o pintadas de amarelo.<\/p>\n","protected":false},"excerpt":{"rendered":"<p>O corpo da metralhadora \u00e9 pintado nas cores vermelho, cinza e branco. O fundo \u00e9 adornado com numerosas inscri\u00e7\u00f5es de tamanhos diferentes que s\u00e3o digitadas com v\u00e1rias fontes. Algumas inscri\u00e7\u00f5es referem-se \u00e0s caracter\u00edsticas t\u00e9cnicas da arma. O design \u00e9 complementado por v\u00e1rias imagens e \u00edcones. Pequenas partes individuais do corpo s\u00e3o pintadas de amarelo.<\/p>\n","protected":false},"featured_media":3554,"comment_status":"open","ping_status":"closed","template":"","meta":[],"product_brand":[],"product_cat":[260,257],"product_tag":[267],"class_list":{"0":"post-4330","1":"product","2":"type-product","3":"status-publish","4":"has-post-thumbnail","6":"product_cat-mp7-pt-pt","7":"product_cat-submetralhadoras","8":"product_tag-secreto","9":"pa_all-products-skins","11":"first","12":"instock","13":"shipping-taxable","14":"purchasable","15":"product-type-simple"},"_links":{"self":[{"href":"https:\/\/csgo-trade.net\/pt-pt\/wp-json\/wp\/v2\/product\/4330","targetHints":{"allow":["GET"]}}],"collection":[{"href":"https:\/\/csgo-trade.net\/pt-pt\/wp-json\/wp\/v2\/product"}],"about":[{"href":"https:\/\/csgo-trade.net\/pt-pt\/wp-json\/wp\/v2\/types\/product"}],"replies":[{"embeddable":true,"href":"https:\/\/csgo-trade.net\/pt-pt\/wp-json\/wp\/v2\/comments?post=4330"}],"wp:featuredmedia":[{"embeddable":true,"href":"https:\/\/csgo-trade.net\/pt-pt\/wp-json\/wp\/v2\/media\/3554"}],"wp:attachment":[{"href":"https:\/\/csgo-trade.net\/pt-pt\/wp-json\/wp\/v2\/media?parent=4330"}],"wp:term":[{"taxonomy":"product_brand","embeddable":true,"href":"https:\/\/csgo-trade.net\/pt-pt\/wp-json\/wp\/v2\/product_brand?post=4330"},{"taxonomy":"product_cat","embeddable":true,"href":"https:\/\/csgo-trade.net\/pt-pt\/wp-json\/wp\/v2\/product_cat?post=4330"},{"taxonomy":"product_tag","embeddable":true,"href":"https:\/\/csgo-trade.net\/pt-pt\/wp-json\/wp\/v2\/product_tag?post=4330"}],"curies":[{"name":"wp","href":"https:\/\/api.w.org\/{rel}","templated":true}]}}