{"id":4329,"date":"2022-09-27T11:58:02","date_gmt":"2022-09-27T11:58:02","guid":{"rendered":"https:\/\/skinpoint.r-s.space\/shop\/mag-7-swag-7\/"},"modified":"2025-08-21T09:05:31","modified_gmt":"2025-08-21T09:05:31","slug":"mag-7-swag-7","status":"publish","type":"product","link":"https:\/\/csgo-trade.net\/pt-pt\/catalog\/mag-7-swag-7\/","title":{"rendered":"MAG-7 | SWAG-7"},"content":{"rendered":"<p>O corpo da arma \u00e9 cromado e adornado com um padr\u00e3o de numerosos pictogramas e inscri\u00e7\u00f5es. O padr\u00e3o inclui imagens de estrelas, diamantes, n\u00famero 7 e uma grande inscri\u00e7\u00e3o \u201cSWAG\u201d. O carregador e o protetor de m\u00e3o n\u00e3o s\u00e3o pintados.<\/p>\n","protected":false},"excerpt":{"rendered":"<p>O corpo da arma \u00e9 cromado e adornado com um padr\u00e3o de numerosos pictogramas e inscri\u00e7\u00f5es. O padr\u00e3o inclui imagens de estrelas, diamantes, n\u00famero 7 e uma grande inscri\u00e7\u00e3o \u201cSWAG\u201d. O carregador e o protetor de m\u00e3o n\u00e3o s\u00e3o pintados.<\/p>\n","protected":false},"featured_media":3557,"comment_status":"open","ping_status":"closed","template":"","meta":[],"product_brand":[],"product_cat":[209,211],"product_tag":[270],"class_list":{"0":"post-4329","1":"product","2":"type-product","3":"status-publish","4":"has-post-thumbnail","6":"product_cat-arma-pesada","7":"product_cat-mag-7-pt-pt","8":"product_tag-restrito","9":"pa_all-products-skins","11":"first","12":"instock","13":"shipping-taxable","14":"purchasable","15":"product-type-simple"},"_links":{"self":[{"href":"https:\/\/csgo-trade.net\/pt-pt\/wp-json\/wp\/v2\/product\/4329","targetHints":{"allow":["GET"]}}],"collection":[{"href":"https:\/\/csgo-trade.net\/pt-pt\/wp-json\/wp\/v2\/product"}],"about":[{"href":"https:\/\/csgo-trade.net\/pt-pt\/wp-json\/wp\/v2\/types\/product"}],"replies":[{"embeddable":true,"href":"https:\/\/csgo-trade.net\/pt-pt\/wp-json\/wp\/v2\/comments?post=4329"}],"wp:featuredmedia":[{"embeddable":true,"href":"https:\/\/csgo-trade.net\/pt-pt\/wp-json\/wp\/v2\/media\/3557"}],"wp:attachment":[{"href":"https:\/\/csgo-trade.net\/pt-pt\/wp-json\/wp\/v2\/media?parent=4329"}],"wp:term":[{"taxonomy":"product_brand","embeddable":true,"href":"https:\/\/csgo-trade.net\/pt-pt\/wp-json\/wp\/v2\/product_brand?post=4329"},{"taxonomy":"product_cat","embeddable":true,"href":"https:\/\/csgo-trade.net\/pt-pt\/wp-json\/wp\/v2\/product_cat?post=4329"},{"taxonomy":"product_tag","embeddable":true,"href":"https:\/\/csgo-trade.net\/pt-pt\/wp-json\/wp\/v2\/product_tag?post=4329"}],"curies":[{"name":"wp","href":"https:\/\/api.w.org\/{rel}","templated":true}]}}