{"id":4328,"date":"2022-09-27T12:00:54","date_gmt":"2022-09-27T12:00:54","guid":{"rendered":"https:\/\/skinpoint.r-s.space\/shop\/ump-45-arctic-wolf\/"},"modified":"2025-08-21T09:05:26","modified_gmt":"2025-08-21T09:05:26","slug":"ump-45-arctic-wolf","status":"publish","type":"product","link":"https:\/\/csgo-trade.net\/pt-pt\/catalog\/ump-45-arctic-wolf\/","title":{"rendered":"UMP-45 | Arctic Wolf"},"content":{"rendered":"<p>O corpo da submetralhadora \u00e9 adornado com um padr\u00e3o que lembra a pelagem de um lobo. O esquema de cores do padr\u00e3o inclui v\u00e1rios tons de cinza. Partes individuais do corpo s\u00e3o parcialmente pintadas de azul escuro e adornadas com imagens de arranh\u00f5es profundos. O design \u00e9 complementado por pequenos detalhes em vermelho e uma pegada branca.<\/p>\n","protected":false},"excerpt":{"rendered":"<p>O corpo da submetralhadora \u00e9 adornado com um padr\u00e3o que lembra a pelagem de um lobo. O esquema de cores do padr\u00e3o inclui v\u00e1rios tons de cinza. Partes individuais do corpo s\u00e3o parcialmente pintadas de azul escuro e adornadas com imagens de arranh\u00f5es profundos. O design \u00e9 complementado por pequenos detalhes em vermelho e uma [&#8230;]\n","protected":false},"featured_media":3560,"comment_status":"open","ping_status":"closed","template":"","meta":[],"product_brand":[],"product_cat":[257,264],"product_tag":[270],"class_list":{"0":"post-4328","1":"product","2":"type-product","3":"status-publish","4":"has-post-thumbnail","6":"product_cat-submetralhadoras","7":"product_cat-ump-45-pt-pt","8":"product_tag-restrito","9":"pa_all-products-skins","11":"first","12":"instock","13":"shipping-taxable","14":"purchasable","15":"product-type-simple"},"_links":{"self":[{"href":"https:\/\/csgo-trade.net\/pt-pt\/wp-json\/wp\/v2\/product\/4328","targetHints":{"allow":["GET"]}}],"collection":[{"href":"https:\/\/csgo-trade.net\/pt-pt\/wp-json\/wp\/v2\/product"}],"about":[{"href":"https:\/\/csgo-trade.net\/pt-pt\/wp-json\/wp\/v2\/types\/product"}],"replies":[{"embeddable":true,"href":"https:\/\/csgo-trade.net\/pt-pt\/wp-json\/wp\/v2\/comments?post=4328"}],"wp:featuredmedia":[{"embeddable":true,"href":"https:\/\/csgo-trade.net\/pt-pt\/wp-json\/wp\/v2\/media\/3560"}],"wp:attachment":[{"href":"https:\/\/csgo-trade.net\/pt-pt\/wp-json\/wp\/v2\/media?parent=4328"}],"wp:term":[{"taxonomy":"product_brand","embeddable":true,"href":"https:\/\/csgo-trade.net\/pt-pt\/wp-json\/wp\/v2\/product_brand?post=4328"},{"taxonomy":"product_cat","embeddable":true,"href":"https:\/\/csgo-trade.net\/pt-pt\/wp-json\/wp\/v2\/product_cat?post=4328"},{"taxonomy":"product_tag","embeddable":true,"href":"https:\/\/csgo-trade.net\/pt-pt\/wp-json\/wp\/v2\/product_tag?post=4328"}],"curies":[{"name":"wp","href":"https:\/\/api.w.org\/{rel}","templated":true}]}}