{"id":4327,"date":"2022-09-27T12:03:04","date_gmt":"2022-09-27T12:03:04","guid":{"rendered":"https:\/\/skinpoint.r-s.space\/shop\/glock-18-moonrise\/"},"modified":"2025-08-21T09:05:24","modified_gmt":"2025-08-21T09:05:24","slug":"glock-18-moonrise","status":"publish","type":"product","link":"https:\/\/csgo-trade.net\/pt-pt\/catalog\/glock-18-moonrise\/","title":{"rendered":"Glock-18 | Moonrise"},"content":{"rendered":"<p>O slide \u00e9 pintado com um gradiente rosa-roxo que lembra o c\u00e9u noturno e complementado por uma imagem de lua cheia e uma paisagem urbana. As partes restantes da pistola n\u00e3o s\u00e3o pintadas.<\/p>\n","protected":false},"excerpt":{"rendered":"<p>O slide \u00e9 pintado com um gradiente rosa-roxo que lembra o c\u00e9u noturno e complementado por uma imagem de lua cheia e uma paisagem urbana. As partes restantes da pistola n\u00e3o s\u00e3o pintadas.<\/p>\n","protected":false},"featured_media":3563,"comment_status":"open","ping_status":"closed","template":"","meta":[],"product_brand":[],"product_cat":[241,236],"product_tag":[270],"class_list":{"0":"post-4327","1":"product","2":"type-product","3":"status-publish","4":"has-post-thumbnail","6":"product_cat-glock-18-pt-pt","7":"product_cat-pistolas","8":"product_tag-restrito","9":"pa_all-products-skins","11":"first","12":"instock","13":"shipping-taxable","14":"purchasable","15":"product-type-simple"},"_links":{"self":[{"href":"https:\/\/csgo-trade.net\/pt-pt\/wp-json\/wp\/v2\/product\/4327","targetHints":{"allow":["GET"]}}],"collection":[{"href":"https:\/\/csgo-trade.net\/pt-pt\/wp-json\/wp\/v2\/product"}],"about":[{"href":"https:\/\/csgo-trade.net\/pt-pt\/wp-json\/wp\/v2\/types\/product"}],"replies":[{"embeddable":true,"href":"https:\/\/csgo-trade.net\/pt-pt\/wp-json\/wp\/v2\/comments?post=4327"}],"wp:featuredmedia":[{"embeddable":true,"href":"https:\/\/csgo-trade.net\/pt-pt\/wp-json\/wp\/v2\/media\/3563"}],"wp:attachment":[{"href":"https:\/\/csgo-trade.net\/pt-pt\/wp-json\/wp\/v2\/media?parent=4327"}],"wp:term":[{"taxonomy":"product_brand","embeddable":true,"href":"https:\/\/csgo-trade.net\/pt-pt\/wp-json\/wp\/v2\/product_brand?post=4327"},{"taxonomy":"product_cat","embeddable":true,"href":"https:\/\/csgo-trade.net\/pt-pt\/wp-json\/wp\/v2\/product_cat?post=4327"},{"taxonomy":"product_tag","embeddable":true,"href":"https:\/\/csgo-trade.net\/pt-pt\/wp-json\/wp\/v2\/product_tag?post=4327"}],"curies":[{"name":"wp","href":"https:\/\/api.w.org\/{rel}","templated":true}]}}