{"id":4326,"date":"2022-09-27T12:05:23","date_gmt":"2022-09-27T12:05:23","guid":{"rendered":"https:\/\/skinpoint.r-s.space\/shop\/negev-lionfish\/"},"modified":"2025-08-21T09:04:49","modified_gmt":"2025-08-21T09:04:49","slug":"negev-lionfish","status":"publish","type":"product","link":"https:\/\/csgo-trade.net\/pt-pt\/catalog\/negev-lionfish\/","title":{"rendered":"Negev | Lionfish"},"content":{"rendered":"<p>Todo o corpo da metralhadora \u00e9 adornado com um padr\u00e3o animalesco que imita a cor de um peixe-le\u00e3o. O esquema de cores do padr\u00e3o inclui v\u00e1rios tons de laranja e cinza.<\/p>\n","protected":false},"excerpt":{"rendered":"<p>Todo o corpo da metralhadora \u00e9 adornado com um padr\u00e3o animalesco que imita a cor de um peixe-le\u00e3o. O esquema de cores do padr\u00e3o inclui v\u00e1rios tons de laranja e cinza.<\/p>\n","protected":false},"featured_media":3566,"comment_status":"open","ping_status":"closed","template":"","meta":[],"product_brand":[],"product_cat":[209,212],"product_tag":[270],"class_list":{"0":"post-4326","1":"product","2":"type-product","3":"status-publish","4":"has-post-thumbnail","6":"product_cat-arma-pesada","7":"product_cat-negev-pt-pt","8":"product_tag-restrito","9":"pa_all-products-skins","11":"first","12":"instock","13":"shipping-taxable","14":"purchasable","15":"product-type-simple"},"_links":{"self":[{"href":"https:\/\/csgo-trade.net\/pt-pt\/wp-json\/wp\/v2\/product\/4326","targetHints":{"allow":["GET"]}}],"collection":[{"href":"https:\/\/csgo-trade.net\/pt-pt\/wp-json\/wp\/v2\/product"}],"about":[{"href":"https:\/\/csgo-trade.net\/pt-pt\/wp-json\/wp\/v2\/types\/product"}],"replies":[{"embeddable":true,"href":"https:\/\/csgo-trade.net\/pt-pt\/wp-json\/wp\/v2\/comments?post=4326"}],"wp:featuredmedia":[{"embeddable":true,"href":"https:\/\/csgo-trade.net\/pt-pt\/wp-json\/wp\/v2\/media\/3566"}],"wp:attachment":[{"href":"https:\/\/csgo-trade.net\/pt-pt\/wp-json\/wp\/v2\/media?parent=4326"}],"wp:term":[{"taxonomy":"product_brand","embeddable":true,"href":"https:\/\/csgo-trade.net\/pt-pt\/wp-json\/wp\/v2\/product_brand?post=4326"},{"taxonomy":"product_cat","embeddable":true,"href":"https:\/\/csgo-trade.net\/pt-pt\/wp-json\/wp\/v2\/product_cat?post=4326"},{"taxonomy":"product_tag","embeddable":true,"href":"https:\/\/csgo-trade.net\/pt-pt\/wp-json\/wp\/v2\/product_tag?post=4326"}],"curies":[{"name":"wp","href":"https:\/\/api.w.org\/{rel}","templated":true}]}}