{"id":4320,"date":"2022-09-27T12:21:15","date_gmt":"2022-09-27T12:21:15","guid":{"rendered":"https:\/\/skinpoint.r-s.space\/shop\/p2000-urban-hazard\/"},"modified":"2023-04-25T16:42:29","modified_gmt":"2023-04-25T16:42:29","slug":"p2000-urban-hazard","status":"publish","type":"product","link":"https:\/\/csgo-trade.net\/pt-pt\/catalog\/p2000-urban-hazard\/","title":{"rendered":"P2000 | Urban Hazard"},"content":{"rendered":"<p>Parte do corpo da pistola \u00e9 adornada com um padr\u00e3o de camuflagem preto e cinza. O slide \u00e9 pintado de bord\u00f4 em combina\u00e7\u00e3o com detalhes em vermelho claro e complementado com marcas pretas na forma de cruzes e o emblema de contra-terroristas. A parte superior da al\u00e7a \u00e9 decorada com uma inser\u00e7\u00e3o texturizada preta e adornada com uma inscri\u00e7\u00e3o branca \u201cUrban Hazard\u201d. Pequenas partes individuais da arma n\u00e3o s\u00e3o pintadas.<\/p>\n","protected":false},"excerpt":{"rendered":"<p>Parte do corpo da pistola \u00e9 adornada com um padr\u00e3o de camuflagem preto e cinza. O slide \u00e9 pintado de bord\u00f4 em combina\u00e7\u00e3o com detalhes em vermelho claro e complementado com marcas pretas na forma de cruzes e o emblema de contra-terroristas. A parte superior da al\u00e7a \u00e9 decorada com uma inser\u00e7\u00e3o texturizada preta e [&#8230;]\n","protected":false},"featured_media":3578,"comment_status":"open","ping_status":"closed","template":"","meta":[],"product_brand":[],"product_cat":[242,236],"product_tag":[194],"class_list":{"0":"post-4320","1":"product","2":"type-product","3":"status-publish","4":"has-post-thumbnail","6":"product_cat-p2000-pt-pt","7":"product_cat-pistolas","8":"product_tag-padrao-militar","9":"pa_all-products-skins","11":"first","12":"instock","13":"shipping-taxable","14":"purchasable","15":"product-type-simple"},"_links":{"self":[{"href":"https:\/\/csgo-trade.net\/pt-pt\/wp-json\/wp\/v2\/product\/4320","targetHints":{"allow":["GET"]}}],"collection":[{"href":"https:\/\/csgo-trade.net\/pt-pt\/wp-json\/wp\/v2\/product"}],"about":[{"href":"https:\/\/csgo-trade.net\/pt-pt\/wp-json\/wp\/v2\/types\/product"}],"replies":[{"embeddable":true,"href":"https:\/\/csgo-trade.net\/pt-pt\/wp-json\/wp\/v2\/comments?post=4320"}],"wp:featuredmedia":[{"embeddable":true,"href":"https:\/\/csgo-trade.net\/pt-pt\/wp-json\/wp\/v2\/media\/3578"}],"wp:attachment":[{"href":"https:\/\/csgo-trade.net\/pt-pt\/wp-json\/wp\/v2\/media?parent=4320"}],"wp:term":[{"taxonomy":"product_brand","embeddable":true,"href":"https:\/\/csgo-trade.net\/pt-pt\/wp-json\/wp\/v2\/product_brand?post=4320"},{"taxonomy":"product_cat","embeddable":true,"href":"https:\/\/csgo-trade.net\/pt-pt\/wp-json\/wp\/v2\/product_cat?post=4320"},{"taxonomy":"product_tag","embeddable":true,"href":"https:\/\/csgo-trade.net\/pt-pt\/wp-json\/wp\/v2\/product_tag?post=4320"}],"curies":[{"name":"wp","href":"https:\/\/api.w.org\/{rel}","templated":true}]}}