{"id":4319,"date":"2022-09-27T12:23:32","date_gmt":"2022-09-27T12:23:32","guid":{"rendered":"https:\/\/skinpoint.r-s.space\/shop\/five-seven-flame-test\/"},"modified":"2023-04-25T16:42:06","modified_gmt":"2023-04-25T16:42:06","slug":"five-seven-flame-test","status":"publish","type":"product","link":"https:\/\/csgo-trade.net\/pt-pt\/catalog\/five-seven-flame-test\/","title":{"rendered":"Five-SeveN | Flame Test"},"content":{"rendered":"<p>O slide \u00e9 revestido com tinta met\u00e1lica roxa e adornado com uma imagem prateada de chamas localizada na parte frontal do slide. O resto da arma n\u00e3o \u00e9 pintado.<\/p>\n","protected":false},"excerpt":{"rendered":"<p>O slide \u00e9 revestido com tinta met\u00e1lica roxa e adornado com uma imagem prateada de chamas localizada na parte frontal do slide. O resto da arma n\u00e3o \u00e9 pintado.<\/p>\n","protected":false},"featured_media":3581,"comment_status":"open","ping_status":"closed","template":"","meta":[],"product_brand":[],"product_cat":[240,236],"product_tag":[194],"class_list":{"0":"post-4319","1":"product","2":"type-product","3":"status-publish","4":"has-post-thumbnail","6":"product_cat-five-seven-pt-pt","7":"product_cat-pistolas","8":"product_tag-padrao-militar","9":"pa_all-products-skins","11":"first","12":"instock","13":"shipping-taxable","14":"purchasable","15":"product-type-simple"},"_links":{"self":[{"href":"https:\/\/csgo-trade.net\/pt-pt\/wp-json\/wp\/v2\/product\/4319","targetHints":{"allow":["GET"]}}],"collection":[{"href":"https:\/\/csgo-trade.net\/pt-pt\/wp-json\/wp\/v2\/product"}],"about":[{"href":"https:\/\/csgo-trade.net\/pt-pt\/wp-json\/wp\/v2\/types\/product"}],"replies":[{"embeddable":true,"href":"https:\/\/csgo-trade.net\/pt-pt\/wp-json\/wp\/v2\/comments?post=4319"}],"wp:featuredmedia":[{"embeddable":true,"href":"https:\/\/csgo-trade.net\/pt-pt\/wp-json\/wp\/v2\/media\/3581"}],"wp:attachment":[{"href":"https:\/\/csgo-trade.net\/pt-pt\/wp-json\/wp\/v2\/media?parent=4319"}],"wp:term":[{"taxonomy":"product_brand","embeddable":true,"href":"https:\/\/csgo-trade.net\/pt-pt\/wp-json\/wp\/v2\/product_brand?post=4319"},{"taxonomy":"product_cat","embeddable":true,"href":"https:\/\/csgo-trade.net\/pt-pt\/wp-json\/wp\/v2\/product_cat?post=4319"},{"taxonomy":"product_tag","embeddable":true,"href":"https:\/\/csgo-trade.net\/pt-pt\/wp-json\/wp\/v2\/product_tag?post=4319"}],"curies":[{"name":"wp","href":"https:\/\/api.w.org\/{rel}","templated":true}]}}