{"id":4317,"date":"2022-09-27T12:26:49","date_gmt":"2022-09-27T12:26:49","guid":{"rendered":"https:\/\/skinpoint.r-s.space\/shop\/pp-bizon-night-riot\/"},"modified":"2023-04-25T16:40:55","modified_gmt":"2023-04-25T16:40:55","slug":"pp-bizon-night-riot","status":"publish","type":"product","link":"https:\/\/csgo-trade.net\/pt-pt\/catalog\/pp-bizon-night-riot\/","title":{"rendered":"PP-Bizon | Night Riot"},"content":{"rendered":"<p>O receptor e o carregador s\u00e3o parcialmente adornados com inser\u00e7\u00f5es de camuflagem texturizada pintadas nas cores preto e azul. A coronha, parte do receptor e a parte frontal do carregador s\u00e3o complementadas por inser\u00e7\u00f5es de carbono. A revista \u00e9 parcialmente revestida com uma placa de metal com detalhes em branco na forma de inscri\u00e7\u00f5es t\u00e9cnicas e pictogramas.<\/p>\n","protected":false},"excerpt":{"rendered":"<p>O receptor e o carregador s\u00e3o parcialmente adornados com inser\u00e7\u00f5es de camuflagem texturizada pintadas nas cores preto e azul. A coronha, parte do receptor e a parte frontal do carregador s\u00e3o complementadas por inser\u00e7\u00f5es de carbono. A revista \u00e9 parcialmente revestida com uma placa de metal com detalhes em branco na forma de inscri\u00e7\u00f5es t\u00e9cnicas [&#8230;]\n","protected":false},"featured_media":3584,"comment_status":"open","ping_status":"closed","template":"","meta":[],"product_brand":[],"product_cat":[263,257],"product_tag":[194],"class_list":{"0":"post-4317","1":"product","2":"type-product","3":"status-publish","4":"has-post-thumbnail","6":"product_cat-pp-bizon-pt-pt","7":"product_cat-submetralhadoras","8":"product_tag-padrao-militar","9":"pa_all-products-skins","11":"first","12":"instock","13":"shipping-taxable","14":"purchasable","15":"product-type-simple"},"_links":{"self":[{"href":"https:\/\/csgo-trade.net\/pt-pt\/wp-json\/wp\/v2\/product\/4317","targetHints":{"allow":["GET"]}}],"collection":[{"href":"https:\/\/csgo-trade.net\/pt-pt\/wp-json\/wp\/v2\/product"}],"about":[{"href":"https:\/\/csgo-trade.net\/pt-pt\/wp-json\/wp\/v2\/types\/product"}],"replies":[{"embeddable":true,"href":"https:\/\/csgo-trade.net\/pt-pt\/wp-json\/wp\/v2\/comments?post=4317"}],"wp:featuredmedia":[{"embeddable":true,"href":"https:\/\/csgo-trade.net\/pt-pt\/wp-json\/wp\/v2\/media\/3584"}],"wp:attachment":[{"href":"https:\/\/csgo-trade.net\/pt-pt\/wp-json\/wp\/v2\/media?parent=4317"}],"wp:term":[{"taxonomy":"product_brand","embeddable":true,"href":"https:\/\/csgo-trade.net\/pt-pt\/wp-json\/wp\/v2\/product_brand?post=4317"},{"taxonomy":"product_cat","embeddable":true,"href":"https:\/\/csgo-trade.net\/pt-pt\/wp-json\/wp\/v2\/product_cat?post=4317"},{"taxonomy":"product_tag","embeddable":true,"href":"https:\/\/csgo-trade.net\/pt-pt\/wp-json\/wp\/v2\/product_tag?post=4317"}],"curies":[{"name":"wp","href":"https:\/\/api.w.org\/{rel}","templated":true}]}}