{"id":4316,"date":"2022-09-27T12:29:25","date_gmt":"2022-09-27T12:29:25","guid":{"rendered":"https:\/\/skinpoint.r-s.space\/shop\/xm1014-oxide-blaze\/"},"modified":"2023-04-25T16:39:43","modified_gmt":"2023-04-25T16:39:43","slug":"xm1014-oxide-blaze","status":"publish","type":"product","link":"https:\/\/csgo-trade.net\/pt-pt\/catalog\/xm1014-oxide-blaze\/","title":{"rendered":"XM1014 | Oxide Blaze"},"content":{"rendered":"<p>O corpo da espingarda \u00e9 revestido com tinta marrom escura que lembra uma camada de ferrugem. O receptor \u00e9 adornado com imagens de chamas brancas. O design \u00e9 complementado com o sinal do Slenderman (um c\u00edrculo riscado) localizado na mira traseira. O protetor de m\u00e3o, a al\u00e7a e a coronha n\u00e3o s\u00e3o pintados.<\/p>\n","protected":false},"excerpt":{"rendered":"<p>O corpo da espingarda \u00e9 revestido com tinta marrom escura que lembra uma camada de ferrugem. O receptor \u00e9 adornado com imagens de chamas brancas. O design \u00e9 complementado com o sinal do Slenderman (um c\u00edrculo riscado) localizado na mira traseira. O protetor de m\u00e3o, a al\u00e7a e a coronha n\u00e3o s\u00e3o pintados.<\/p>\n","protected":false},"featured_media":3587,"comment_status":"open","ping_status":"closed","template":"","meta":[],"product_brand":[],"product_cat":[209,215],"product_tag":[194],"class_list":{"0":"post-4316","1":"product","2":"type-product","3":"status-publish","4":"has-post-thumbnail","6":"product_cat-arma-pesada","7":"product_cat-xm1014-pt-pt","8":"product_tag-padrao-militar","9":"pa_all-products-skins","11":"first","12":"instock","13":"shipping-taxable","14":"purchasable","15":"product-type-simple"},"_links":{"self":[{"href":"https:\/\/csgo-trade.net\/pt-pt\/wp-json\/wp\/v2\/product\/4316","targetHints":{"allow":["GET"]}}],"collection":[{"href":"https:\/\/csgo-trade.net\/pt-pt\/wp-json\/wp\/v2\/product"}],"about":[{"href":"https:\/\/csgo-trade.net\/pt-pt\/wp-json\/wp\/v2\/types\/product"}],"replies":[{"embeddable":true,"href":"https:\/\/csgo-trade.net\/pt-pt\/wp-json\/wp\/v2\/comments?post=4316"}],"wp:featuredmedia":[{"embeddable":true,"href":"https:\/\/csgo-trade.net\/pt-pt\/wp-json\/wp\/v2\/media\/3587"}],"wp:attachment":[{"href":"https:\/\/csgo-trade.net\/pt-pt\/wp-json\/wp\/v2\/media?parent=4316"}],"wp:term":[{"taxonomy":"product_brand","embeddable":true,"href":"https:\/\/csgo-trade.net\/pt-pt\/wp-json\/wp\/v2\/product_brand?post=4316"},{"taxonomy":"product_cat","embeddable":true,"href":"https:\/\/csgo-trade.net\/pt-pt\/wp-json\/wp\/v2\/product_cat?post=4316"},{"taxonomy":"product_tag","embeddable":true,"href":"https:\/\/csgo-trade.net\/pt-pt\/wp-json\/wp\/v2\/product_tag?post=4316"}],"curies":[{"name":"wp","href":"https:\/\/api.w.org\/{rel}","templated":true}]}}