{"id":4315,"date":"2022-09-27T12:31:57","date_gmt":"2022-09-27T12:31:57","guid":{"rendered":"https:\/\/skinpoint.r-s.space\/shop\/sg-553-aloha\/"},"modified":"2023-04-25T16:38:44","modified_gmt":"2023-04-25T16:38:44","slug":"sg-553-aloha","status":"publish","type":"product","link":"https:\/\/csgo-trade.net\/pt-pt\/catalog\/sg-553-aloha\/","title":{"rendered":"SG 553 | Aloha"},"content":{"rendered":"<p>O nome da skin \u00e9 uma sauda\u00e7\u00e3o tradicional havaiana. O corpo preto do rifle \u00e9 adornado com um padr\u00e3o de flores de hibisco, que \u00e9 o s\u00edmbolo das ilhas do Hava\u00ed. O padr\u00e3o \u00e9 feito em azul e roxo.<\/p>\n","protected":false},"excerpt":{"rendered":"<p>O nome da skin \u00e9 uma sauda\u00e7\u00e3o tradicional havaiana. O corpo preto do rifle \u00e9 adornado com um padr\u00e3o de flores de hibisco, que \u00e9 o s\u00edmbolo das ilhas do Hava\u00ed. O padr\u00e3o \u00e9 feito em azul e roxo.<\/p>\n","protected":false},"featured_media":3590,"comment_status":"open","ping_status":"closed","template":"","meta":[],"product_brand":[],"product_cat":[192,255],"product_tag":[194],"class_list":{"0":"post-4315","1":"product","2":"type-product","3":"status-publish","4":"has-post-thumbnail","6":"product_cat-espingarda","7":"product_cat-sg-553-pt-pt","8":"product_tag-padrao-militar","9":"pa_all-products-skins","11":"first","12":"instock","13":"shipping-taxable","14":"purchasable","15":"product-type-simple"},"_links":{"self":[{"href":"https:\/\/csgo-trade.net\/pt-pt\/wp-json\/wp\/v2\/product\/4315","targetHints":{"allow":["GET"]}}],"collection":[{"href":"https:\/\/csgo-trade.net\/pt-pt\/wp-json\/wp\/v2\/product"}],"about":[{"href":"https:\/\/csgo-trade.net\/pt-pt\/wp-json\/wp\/v2\/types\/product"}],"replies":[{"embeddable":true,"href":"https:\/\/csgo-trade.net\/pt-pt\/wp-json\/wp\/v2\/comments?post=4315"}],"wp:featuredmedia":[{"embeddable":true,"href":"https:\/\/csgo-trade.net\/pt-pt\/wp-json\/wp\/v2\/media\/3590"}],"wp:attachment":[{"href":"https:\/\/csgo-trade.net\/pt-pt\/wp-json\/wp\/v2\/media?parent=4315"}],"wp:term":[{"taxonomy":"product_brand","embeddable":true,"href":"https:\/\/csgo-trade.net\/pt-pt\/wp-json\/wp\/v2\/product_brand?post=4315"},{"taxonomy":"product_cat","embeddable":true,"href":"https:\/\/csgo-trade.net\/pt-pt\/wp-json\/wp\/v2\/product_cat?post=4315"},{"taxonomy":"product_tag","embeddable":true,"href":"https:\/\/csgo-trade.net\/pt-pt\/wp-json\/wp\/v2\/product_tag?post=4315"}],"curies":[{"name":"wp","href":"https:\/\/api.w.org\/{rel}","templated":true}]}}