{"id":4313,"date":"2022-09-27T12:40:40","date_gmt":"2022-09-27T12:40:40","guid":{"rendered":"https:\/\/skinpoint.r-s.space\/shop\/bayonet-doppler-ruby\/"},"modified":"2023-04-25T16:37:41","modified_gmt":"2023-04-25T16:37:41","slug":"bayonet-doppler-ruby","status":"publish","type":"product","link":"https:\/\/csgo-trade.net\/pt-pt\/catalog\/bayonet-doppler-ruby\/","title":{"rendered":"Bayonet | Doppler Ruby"},"content":{"rendered":"<p>A l\u00e2mina da faca \u00e9 pintada com tintas met\u00e1licas e adornada com um padr\u00e3o de linhas onduladas transl\u00facidas que lembram fuma\u00e7a. O esquema de cores da pele inclui v\u00e1rios tons de vermelho, criando transi\u00e7\u00f5es de gradiente. O desenho da pele lembra a textura do rubi. A guarda e o cabo permanecem sem pintura.<\/p>\n","protected":false},"excerpt":{"rendered":"<p>A l\u00e2mina da faca \u00e9 pintada com tintas met\u00e1licas e adornada com um padr\u00e3o de linhas onduladas transl\u00facidas que lembram fuma\u00e7a. O esquema de cores da pele inclui v\u00e1rios tons de vermelho, criando transi\u00e7\u00f5es de gradiente. O desenho da pele lembra a textura do rubi. A guarda e o cabo permanecem sem pintura.<\/p>\n","protected":false},"featured_media":3593,"comment_status":"open","ping_status":"closed","template":"","meta":[],"product_brand":[],"product_cat":[217,216],"product_tag":[267],"class_list":{"0":"post-4313","1":"product","2":"type-product","3":"status-publish","4":"has-post-thumbnail","6":"product_cat-bayonet-pt-pt","7":"product_cat-facas","8":"product_tag-secreto","9":"pa_all-products-skins","11":"first","12":"instock","13":"shipping-taxable","14":"purchasable","15":"product-type-simple"},"_links":{"self":[{"href":"https:\/\/csgo-trade.net\/pt-pt\/wp-json\/wp\/v2\/product\/4313","targetHints":{"allow":["GET"]}}],"collection":[{"href":"https:\/\/csgo-trade.net\/pt-pt\/wp-json\/wp\/v2\/product"}],"about":[{"href":"https:\/\/csgo-trade.net\/pt-pt\/wp-json\/wp\/v2\/types\/product"}],"replies":[{"embeddable":true,"href":"https:\/\/csgo-trade.net\/pt-pt\/wp-json\/wp\/v2\/comments?post=4313"}],"wp:featuredmedia":[{"embeddable":true,"href":"https:\/\/csgo-trade.net\/pt-pt\/wp-json\/wp\/v2\/media\/3593"}],"wp:attachment":[{"href":"https:\/\/csgo-trade.net\/pt-pt\/wp-json\/wp\/v2\/media?parent=4313"}],"wp:term":[{"taxonomy":"product_brand","embeddable":true,"href":"https:\/\/csgo-trade.net\/pt-pt\/wp-json\/wp\/v2\/product_brand?post=4313"},{"taxonomy":"product_cat","embeddable":true,"href":"https:\/\/csgo-trade.net\/pt-pt\/wp-json\/wp\/v2\/product_cat?post=4313"},{"taxonomy":"product_tag","embeddable":true,"href":"https:\/\/csgo-trade.net\/pt-pt\/wp-json\/wp\/v2\/product_tag?post=4313"}],"curies":[{"name":"wp","href":"https:\/\/api.w.org\/{rel}","templated":true}]}}