{"id":4302,"date":"2022-09-27T12:57:03","date_gmt":"2022-09-27T12:57:03","guid":{"rendered":"https:\/\/skinpoint.r-s.space\/shop\/bowie-knife-gamma-doppler-phase-4\/"},"modified":"2023-04-25T16:30:39","modified_gmt":"2023-04-25T16:30:39","slug":"bowie-knife-gamma-doppler-phase-4","status":"publish","type":"product","link":"https:\/\/csgo-trade.net\/pt-pt\/catalog\/bowie-knife-gamma-doppler-phase-4\/","title":{"rendered":"Faca Bowie | Gamma Doppler Phase 4"},"content":{"rendered":"<p>A l\u00e2mina \u00e9 revestida com tintas met\u00e1licas e adornada com um padr\u00e3o de linhas onduladas transl\u00facidas que lembram fuma\u00e7a. O esquema de cores da pele compreende v\u00e1rios tons de preto, verde e azul-petr\u00f3leo, criando transi\u00e7\u00f5es de gradiente. A guarda foi pintada de verde claro. A al\u00e7a permanece sem pintura.<\/p>\n","protected":false},"excerpt":{"rendered":"<p>A l\u00e2mina \u00e9 revestida com tintas met\u00e1licas e adornada com um padr\u00e3o de linhas onduladas transl\u00facidas que lembram fuma\u00e7a. O esquema de cores da pele compreende v\u00e1rios tons de preto, verde e azul-petr\u00f3leo, criando transi\u00e7\u00f5es de gradiente. A guarda foi pintada de verde claro. A al\u00e7a permanece sem pintura.<\/p>\n","protected":false},"featured_media":3611,"comment_status":"open","ping_status":"closed","template":"","meta":[],"product_brand":[],"product_cat":[218,216],"product_tag":[267],"class_list":{"0":"post-4302","1":"product","2":"type-product","3":"status-publish","4":"has-post-thumbnail","6":"product_cat-faca-bowie","7":"product_cat-facas","8":"product_tag-secreto","9":"pa_all-products-skins","11":"first","12":"instock","13":"shipping-taxable","14":"purchasable","15":"product-type-simple"},"_links":{"self":[{"href":"https:\/\/csgo-trade.net\/pt-pt\/wp-json\/wp\/v2\/product\/4302","targetHints":{"allow":["GET"]}}],"collection":[{"href":"https:\/\/csgo-trade.net\/pt-pt\/wp-json\/wp\/v2\/product"}],"about":[{"href":"https:\/\/csgo-trade.net\/pt-pt\/wp-json\/wp\/v2\/types\/product"}],"replies":[{"embeddable":true,"href":"https:\/\/csgo-trade.net\/pt-pt\/wp-json\/wp\/v2\/comments?post=4302"}],"wp:featuredmedia":[{"embeddable":true,"href":"https:\/\/csgo-trade.net\/pt-pt\/wp-json\/wp\/v2\/media\/3611"}],"wp:attachment":[{"href":"https:\/\/csgo-trade.net\/pt-pt\/wp-json\/wp\/v2\/media?parent=4302"}],"wp:term":[{"taxonomy":"product_brand","embeddable":true,"href":"https:\/\/csgo-trade.net\/pt-pt\/wp-json\/wp\/v2\/product_brand?post=4302"},{"taxonomy":"product_cat","embeddable":true,"href":"https:\/\/csgo-trade.net\/pt-pt\/wp-json\/wp\/v2\/product_cat?post=4302"},{"taxonomy":"product_tag","embeddable":true,"href":"https:\/\/csgo-trade.net\/pt-pt\/wp-json\/wp\/v2\/product_tag?post=4302"}],"curies":[{"name":"wp","href":"https:\/\/api.w.org\/{rel}","templated":true}]}}