{"id":4296,"date":"2022-09-27T13:09:44","date_gmt":"2022-09-27T13:09:44","guid":{"rendered":"https:\/\/skinpoint.r-s.space\/shop\/butterfly-knife-doppler-black-pearl\/"},"modified":"2023-04-25T16:26:34","modified_gmt":"2023-04-25T16:26:34","slug":"butterfly-knife-doppler-black-pearl","status":"publish","type":"product","link":"https:\/\/csgo-trade.net\/pt-pt\/catalog\/butterfly-knife-doppler-black-pearl\/","title":{"rendered":"Faca Butterfly | Doppler Black Pearl"},"content":{"rendered":"<p>A l\u00e2mina da faca \u00e9 pintada com tintas met\u00e1licas e adornada com um padr\u00e3o de linhas onduladas transl\u00facidas que lembram fuma\u00e7a. O esquema de cores da pele inclui v\u00e1rios tons de azul, roxo e carmesim, criando transi\u00e7\u00f5es de gradiente. A al\u00e7a \u00e9 sem pintura e complementada com inser\u00e7\u00f5es em azul escuro.<\/p>\n","protected":false},"excerpt":{"rendered":"<p>A l\u00e2mina da faca \u00e9 pintada com tintas met\u00e1licas e adornada com um padr\u00e3o de linhas onduladas transl\u00facidas que lembram fuma\u00e7a. O esquema de cores da pele inclui v\u00e1rios tons de azul, roxo e carmesim, criando transi\u00e7\u00f5es de gradiente. A al\u00e7a \u00e9 sem pintura e complementada com inser\u00e7\u00f5es em azul escuro.<\/p>\n","protected":false},"featured_media":3623,"comment_status":"open","ping_status":"closed","template":"","meta":[],"product_brand":[],"product_cat":[219,216],"product_tag":[267],"class_list":{"0":"post-4296","1":"product","2":"type-product","3":"status-publish","4":"has-post-thumbnail","6":"product_cat-faca-butterfly","7":"product_cat-facas","8":"product_tag-secreto","9":"pa_all-products-skins","11":"first","12":"instock","13":"shipping-taxable","14":"purchasable","15":"product-type-simple"},"_links":{"self":[{"href":"https:\/\/csgo-trade.net\/pt-pt\/wp-json\/wp\/v2\/product\/4296","targetHints":{"allow":["GET"]}}],"collection":[{"href":"https:\/\/csgo-trade.net\/pt-pt\/wp-json\/wp\/v2\/product"}],"about":[{"href":"https:\/\/csgo-trade.net\/pt-pt\/wp-json\/wp\/v2\/types\/product"}],"replies":[{"embeddable":true,"href":"https:\/\/csgo-trade.net\/pt-pt\/wp-json\/wp\/v2\/comments?post=4296"}],"wp:featuredmedia":[{"embeddable":true,"href":"https:\/\/csgo-trade.net\/pt-pt\/wp-json\/wp\/v2\/media\/3623"}],"wp:attachment":[{"href":"https:\/\/csgo-trade.net\/pt-pt\/wp-json\/wp\/v2\/media?parent=4296"}],"wp:term":[{"taxonomy":"product_brand","embeddable":true,"href":"https:\/\/csgo-trade.net\/pt-pt\/wp-json\/wp\/v2\/product_brand?post=4296"},{"taxonomy":"product_cat","embeddable":true,"href":"https:\/\/csgo-trade.net\/pt-pt\/wp-json\/wp\/v2\/product_cat?post=4296"},{"taxonomy":"product_tag","embeddable":true,"href":"https:\/\/csgo-trade.net\/pt-pt\/wp-json\/wp\/v2\/product_tag?post=4296"}],"curies":[{"name":"wp","href":"https:\/\/api.w.org\/{rel}","templated":true}]}}