{"id":4294,"date":"2022-09-27T13:13:36","date_gmt":"2022-09-27T13:13:36","guid":{"rendered":"https:\/\/skinpoint.r-s.space\/shop\/butterfly-knife-lore\/"},"modified":"2023-04-25T16:25:42","modified_gmt":"2023-04-25T16:25:42","slug":"butterfly-knife-lore","status":"publish","type":"product","link":"https:\/\/csgo-trade.net\/pt-pt\/catalog\/butterfly-knife-lore\/","title":{"rendered":"Faca Butterfly | Lore"},"content":{"rendered":"<p>A l\u00e2mina \u00e9 revestida com tinta dourada e apresenta um padr\u00e3o medieval transl\u00facido. A ponta foi pintada com um ornamento celta marrom-bege. A al\u00e7a verde \u00e9 complementada com inser\u00e7\u00f5es de pedras marrom-amareladas.<\/p>\n","protected":false},"excerpt":{"rendered":"<p>A l\u00e2mina \u00e9 revestida com tinta dourada e apresenta um padr\u00e3o medieval transl\u00facido. A ponta foi pintada com um ornamento celta marrom-bege. A al\u00e7a verde \u00e9 complementada com inser\u00e7\u00f5es de pedras marrom-amareladas.<\/p>\n","protected":false},"featured_media":3626,"comment_status":"open","ping_status":"closed","template":"","meta":[],"product_brand":[],"product_cat":[219,216],"product_tag":[267],"class_list":{"0":"post-4294","1":"product","2":"type-product","3":"status-publish","4":"has-post-thumbnail","6":"product_cat-faca-butterfly","7":"product_cat-facas","8":"product_tag-secreto","9":"pa_all-products-skins","11":"first","12":"instock","13":"shipping-taxable","14":"purchasable","15":"product-type-simple"},"_links":{"self":[{"href":"https:\/\/csgo-trade.net\/pt-pt\/wp-json\/wp\/v2\/product\/4294","targetHints":{"allow":["GET"]}}],"collection":[{"href":"https:\/\/csgo-trade.net\/pt-pt\/wp-json\/wp\/v2\/product"}],"about":[{"href":"https:\/\/csgo-trade.net\/pt-pt\/wp-json\/wp\/v2\/types\/product"}],"replies":[{"embeddable":true,"href":"https:\/\/csgo-trade.net\/pt-pt\/wp-json\/wp\/v2\/comments?post=4294"}],"wp:featuredmedia":[{"embeddable":true,"href":"https:\/\/csgo-trade.net\/pt-pt\/wp-json\/wp\/v2\/media\/3626"}],"wp:attachment":[{"href":"https:\/\/csgo-trade.net\/pt-pt\/wp-json\/wp\/v2\/media?parent=4294"}],"wp:term":[{"taxonomy":"product_brand","embeddable":true,"href":"https:\/\/csgo-trade.net\/pt-pt\/wp-json\/wp\/v2\/product_brand?post=4294"},{"taxonomy":"product_cat","embeddable":true,"href":"https:\/\/csgo-trade.net\/pt-pt\/wp-json\/wp\/v2\/product_cat?post=4294"},{"taxonomy":"product_tag","embeddable":true,"href":"https:\/\/csgo-trade.net\/pt-pt\/wp-json\/wp\/v2\/product_tag?post=4294"}],"curies":[{"name":"wp","href":"https:\/\/api.w.org\/{rel}","templated":true}]}}