{"id":4293,"date":"2022-09-27T13:16:13","date_gmt":"2022-09-27T13:16:13","guid":{"rendered":"https:\/\/skinpoint.r-s.space\/shop\/butterfly-knife-ultraviolet\/"},"modified":"2023-04-25T16:24:20","modified_gmt":"2023-04-25T16:24:20","slug":"butterfly-knife-ultraviolet","status":"publish","type":"product","link":"https:\/\/csgo-trade.net\/pt-pt\/catalog\/butterfly-knife-ultraviolet\/","title":{"rendered":"Faca Butterfly | Ultraviolet"},"content":{"rendered":"<p>A skin lembra uma vers\u00e3o mais brilhante do Faca Butterfly | Ultraviolet. Todo o corpo da faca \u00e9 pintado de preto fosco. A al\u00e7a preta \u00e9 complementada com inser\u00e7\u00f5es roxas.<\/p>\n","protected":false},"excerpt":{"rendered":"<p>A skin lembra uma vers\u00e3o mais brilhante do Faca Butterfly | Ultraviolet. Todo o corpo da faca \u00e9 pintado de preto fosco. A al\u00e7a preta \u00e9 complementada com inser\u00e7\u00f5es roxas.<\/p>\n","protected":false},"featured_media":3629,"comment_status":"open","ping_status":"closed","template":"","meta":[],"product_brand":[],"product_cat":[219,216],"product_tag":[267],"class_list":{"0":"post-4293","1":"product","2":"type-product","3":"status-publish","4":"has-post-thumbnail","6":"product_cat-faca-butterfly","7":"product_cat-facas","8":"product_tag-secreto","9":"pa_all-products-skins","11":"first","12":"instock","13":"shipping-taxable","14":"purchasable","15":"product-type-simple"},"_links":{"self":[{"href":"https:\/\/csgo-trade.net\/pt-pt\/wp-json\/wp\/v2\/product\/4293","targetHints":{"allow":["GET"]}}],"collection":[{"href":"https:\/\/csgo-trade.net\/pt-pt\/wp-json\/wp\/v2\/product"}],"about":[{"href":"https:\/\/csgo-trade.net\/pt-pt\/wp-json\/wp\/v2\/types\/product"}],"replies":[{"embeddable":true,"href":"https:\/\/csgo-trade.net\/pt-pt\/wp-json\/wp\/v2\/comments?post=4293"}],"wp:featuredmedia":[{"embeddable":true,"href":"https:\/\/csgo-trade.net\/pt-pt\/wp-json\/wp\/v2\/media\/3629"}],"wp:attachment":[{"href":"https:\/\/csgo-trade.net\/pt-pt\/wp-json\/wp\/v2\/media?parent=4293"}],"wp:term":[{"taxonomy":"product_brand","embeddable":true,"href":"https:\/\/csgo-trade.net\/pt-pt\/wp-json\/wp\/v2\/product_brand?post=4293"},{"taxonomy":"product_cat","embeddable":true,"href":"https:\/\/csgo-trade.net\/pt-pt\/wp-json\/wp\/v2\/product_cat?post=4293"},{"taxonomy":"product_tag","embeddable":true,"href":"https:\/\/csgo-trade.net\/pt-pt\/wp-json\/wp\/v2\/product_tag?post=4293"}],"curies":[{"name":"wp","href":"https:\/\/api.w.org\/{rel}","templated":true}]}}