{"id":4286,"date":"2022-09-27T13:47:31","date_gmt":"2022-09-27T13:47:31","guid":{"rendered":"https:\/\/skinpoint.r-s.space\/shop\/falchion-knife-night\/"},"modified":"2023-04-25T16:17:39","modified_gmt":"2023-04-25T16:17:39","slug":"falchion-knife-night","status":"publish","type":"product","link":"https:\/\/csgo-trade.net\/pt-pt\/catalog\/falchion-knife-night\/","title":{"rendered":"Faca Falchion | Night"},"content":{"rendered":"<p>A l\u00e2mina e a parte principal do cabo s\u00e3o pintadas em um tom azul escuro que lembra a cor do c\u00e9u noturno. A frente e a parte de tr\u00e1s do cabo s\u00e3o pintadas de cinza escuro.<\/p>\n","protected":false},"excerpt":{"rendered":"<p>A l\u00e2mina e a parte principal do cabo s\u00e3o pintadas em um tom azul escuro que lembra a cor do c\u00e9u noturno. A frente e a parte de tr\u00e1s do cabo s\u00e3o pintadas de cinza escuro.<\/p>\n","protected":false},"featured_media":3647,"comment_status":"open","ping_status":"closed","template":"","meta":[],"product_brand":[],"product_cat":[221,216],"product_tag":[267],"class_list":{"0":"post-4286","1":"product","2":"type-product","3":"status-publish","4":"has-post-thumbnail","6":"product_cat-faca-falchion","7":"product_cat-facas","8":"product_tag-secreto","9":"pa_all-products-skins","11":"first","12":"instock","13":"shipping-taxable","14":"purchasable","15":"product-type-simple"},"_links":{"self":[{"href":"https:\/\/csgo-trade.net\/pt-pt\/wp-json\/wp\/v2\/product\/4286","targetHints":{"allow":["GET"]}}],"collection":[{"href":"https:\/\/csgo-trade.net\/pt-pt\/wp-json\/wp\/v2\/product"}],"about":[{"href":"https:\/\/csgo-trade.net\/pt-pt\/wp-json\/wp\/v2\/types\/product"}],"replies":[{"embeddable":true,"href":"https:\/\/csgo-trade.net\/pt-pt\/wp-json\/wp\/v2\/comments?post=4286"}],"wp:featuredmedia":[{"embeddable":true,"href":"https:\/\/csgo-trade.net\/pt-pt\/wp-json\/wp\/v2\/media\/3647"}],"wp:attachment":[{"href":"https:\/\/csgo-trade.net\/pt-pt\/wp-json\/wp\/v2\/media?parent=4286"}],"wp:term":[{"taxonomy":"product_brand","embeddable":true,"href":"https:\/\/csgo-trade.net\/pt-pt\/wp-json\/wp\/v2\/product_brand?post=4286"},{"taxonomy":"product_cat","embeddable":true,"href":"https:\/\/csgo-trade.net\/pt-pt\/wp-json\/wp\/v2\/product_cat?post=4286"},{"taxonomy":"product_tag","embeddable":true,"href":"https:\/\/csgo-trade.net\/pt-pt\/wp-json\/wp\/v2\/product_tag?post=4286"}],"curies":[{"name":"wp","href":"https:\/\/api.w.org\/{rel}","templated":true}]}}