{"id":4284,"date":"2022-09-27T13:52:24","date_gmt":"2022-09-27T13:52:24","guid":{"rendered":"https:\/\/skinpoint.r-s.space\/shop\/falchion-knife-case-hardened\/"},"modified":"2023-04-25T16:15:34","modified_gmt":"2023-04-25T16:15:34","slug":"falchion-knife-case-hardened","status":"publish","type":"product","link":"https:\/\/csgo-trade.net\/pt-pt\/catalog\/falchion-knife-case-hardened\/","title":{"rendered":"Faca Falchion | Case Hardened"},"content":{"rendered":"<p>A l\u00e2mina endurecida e a parte principal do cabo est\u00e3o cobertas de manchas azuis, violetas e amarelas. A frente e a parte de tr\u00e1s do cabo permanecem sem pintura.<\/p>\n","protected":false},"excerpt":{"rendered":"<p>A l\u00e2mina endurecida e a parte principal do cabo est\u00e3o cobertas de manchas azuis, violetas e amarelas. A frente e a parte de tr\u00e1s do cabo permanecem sem pintura.<\/p>\n","protected":false},"featured_media":3653,"comment_status":"open","ping_status":"closed","template":"","meta":[],"product_brand":[],"product_cat":[221,216],"product_tag":[267],"class_list":{"0":"post-4284","1":"product","2":"type-product","3":"status-publish","4":"has-post-thumbnail","6":"product_cat-faca-falchion","7":"product_cat-facas","8":"product_tag-secreto","9":"pa_all-products-skins","11":"first","12":"instock","13":"shipping-taxable","14":"purchasable","15":"product-type-simple"},"_links":{"self":[{"href":"https:\/\/csgo-trade.net\/pt-pt\/wp-json\/wp\/v2\/product\/4284","targetHints":{"allow":["GET"]}}],"collection":[{"href":"https:\/\/csgo-trade.net\/pt-pt\/wp-json\/wp\/v2\/product"}],"about":[{"href":"https:\/\/csgo-trade.net\/pt-pt\/wp-json\/wp\/v2\/types\/product"}],"replies":[{"embeddable":true,"href":"https:\/\/csgo-trade.net\/pt-pt\/wp-json\/wp\/v2\/comments?post=4284"}],"wp:featuredmedia":[{"embeddable":true,"href":"https:\/\/csgo-trade.net\/pt-pt\/wp-json\/wp\/v2\/media\/3653"}],"wp:attachment":[{"href":"https:\/\/csgo-trade.net\/pt-pt\/wp-json\/wp\/v2\/media?parent=4284"}],"wp:term":[{"taxonomy":"product_brand","embeddable":true,"href":"https:\/\/csgo-trade.net\/pt-pt\/wp-json\/wp\/v2\/product_brand?post=4284"},{"taxonomy":"product_cat","embeddable":true,"href":"https:\/\/csgo-trade.net\/pt-pt\/wp-json\/wp\/v2\/product_cat?post=4284"},{"taxonomy":"product_tag","embeddable":true,"href":"https:\/\/csgo-trade.net\/pt-pt\/wp-json\/wp\/v2\/product_tag?post=4284"}],"curies":[{"name":"wp","href":"https:\/\/api.w.org\/{rel}","templated":true}]}}