{"id":4281,"date":"2022-09-27T14:15:44","date_gmt":"2022-09-27T14:15:44","guid":{"rendered":"https:\/\/skinpoint.r-s.space\/shop\/flip-knife-urban-masked\/"},"modified":"2023-04-25T16:12:19","modified_gmt":"2023-04-25T16:12:19","slug":"flip-knife-urban-masked","status":"publish","type":"product","link":"https:\/\/csgo-trade.net\/pt-pt\/catalog\/flip-knife-urban-masked\/","title":{"rendered":"Faca Flip | Urban Masked"},"content":{"rendered":"<p>Todo o corpo da faca, incluindo o cabo, \u00e9 pintado com spray em v\u00e1rios tons de cinza. O padr\u00e3o \u00e9 aplicado atrav\u00e9s de um emaranhado de fita adesiva usada como est\u00eancil.<\/p>\n","protected":false},"excerpt":{"rendered":"<p>Todo o corpo da faca, incluindo o cabo, \u00e9 pintado com spray em v\u00e1rios tons de cinza. O padr\u00e3o \u00e9 aplicado atrav\u00e9s de um emaranhado de fita adesiva usada como est\u00eancil.<\/p>\n","protected":false},"featured_media":3662,"comment_status":"open","ping_status":"closed","template":"","meta":[],"product_brand":[],"product_cat":[222,216],"product_tag":[267],"class_list":{"0":"post-4281","1":"product","2":"type-product","3":"status-publish","4":"has-post-thumbnail","6":"product_cat-faca-flip","7":"product_cat-facas","8":"product_tag-secreto","9":"pa_all-products-skins","11":"first","12":"instock","13":"shipping-taxable","14":"purchasable","15":"product-type-simple"},"_links":{"self":[{"href":"https:\/\/csgo-trade.net\/pt-pt\/wp-json\/wp\/v2\/product\/4281","targetHints":{"allow":["GET"]}}],"collection":[{"href":"https:\/\/csgo-trade.net\/pt-pt\/wp-json\/wp\/v2\/product"}],"about":[{"href":"https:\/\/csgo-trade.net\/pt-pt\/wp-json\/wp\/v2\/types\/product"}],"replies":[{"embeddable":true,"href":"https:\/\/csgo-trade.net\/pt-pt\/wp-json\/wp\/v2\/comments?post=4281"}],"wp:featuredmedia":[{"embeddable":true,"href":"https:\/\/csgo-trade.net\/pt-pt\/wp-json\/wp\/v2\/media\/3662"}],"wp:attachment":[{"href":"https:\/\/csgo-trade.net\/pt-pt\/wp-json\/wp\/v2\/media?parent=4281"}],"wp:term":[{"taxonomy":"product_brand","embeddable":true,"href":"https:\/\/csgo-trade.net\/pt-pt\/wp-json\/wp\/v2\/product_brand?post=4281"},{"taxonomy":"product_cat","embeddable":true,"href":"https:\/\/csgo-trade.net\/pt-pt\/wp-json\/wp\/v2\/product_cat?post=4281"},{"taxonomy":"product_tag","embeddable":true,"href":"https:\/\/csgo-trade.net\/pt-pt\/wp-json\/wp\/v2\/product_tag?post=4281"}],"curies":[{"name":"wp","href":"https:\/\/api.w.org\/{rel}","templated":true}]}}