{"id":4269,"date":"2022-09-27T14:37:20","date_gmt":"2022-09-27T14:37:20","guid":{"rendered":"https:\/\/skinpoint.r-s.space\/shop\/huntsman-knife-lore\/"},"modified":"2023-04-24T17:22:30","modified_gmt":"2023-04-24T17:22:30","slug":"huntsman-knife-lore","status":"publish","type":"product","link":"https:\/\/csgo-trade.net\/pt-pt\/catalog\/huntsman-knife-lore\/","title":{"rendered":"Faca Huntsman | Lore"},"content":{"rendered":"<p>O design da skin \u00e9 inspirado no lend\u00e1rio AWP | Conhecimento do Drag\u00e3o. A l\u00e2mina \u00e9 revestida com tinta dourada e apresenta um padr\u00e3o medieval transl\u00facido. A parte central da l\u00e2mina foi pintada com um ornamento celta marrom-bege. A al\u00e7a \u00e9 pintada de verde.<\/p>\n","protected":false},"excerpt":{"rendered":"<p>O design da skin \u00e9 inspirado no lend\u00e1rio AWP | Conhecimento do Drag\u00e3o. A l\u00e2mina \u00e9 revestida com tinta dourada e apresenta um padr\u00e3o medieval transl\u00facido. A parte central da l\u00e2mina foi pintada com um ornamento celta marrom-bege. A al\u00e7a \u00e9 pintada de verde.<\/p>\n","protected":false},"featured_media":3686,"comment_status":"open","ping_status":"closed","template":"","meta":[],"product_brand":[],"product_cat":[224,216],"product_tag":[267],"class_list":{"0":"post-4269","1":"product","2":"type-product","3":"status-publish","4":"has-post-thumbnail","6":"product_cat-faca-huntsman","7":"product_cat-facas","8":"product_tag-secreto","9":"pa_all-products-skins","11":"first","12":"instock","13":"shipping-taxable","14":"purchasable","15":"product-type-simple"},"_links":{"self":[{"href":"https:\/\/csgo-trade.net\/pt-pt\/wp-json\/wp\/v2\/product\/4269","targetHints":{"allow":["GET"]}}],"collection":[{"href":"https:\/\/csgo-trade.net\/pt-pt\/wp-json\/wp\/v2\/product"}],"about":[{"href":"https:\/\/csgo-trade.net\/pt-pt\/wp-json\/wp\/v2\/types\/product"}],"replies":[{"embeddable":true,"href":"https:\/\/csgo-trade.net\/pt-pt\/wp-json\/wp\/v2\/comments?post=4269"}],"wp:featuredmedia":[{"embeddable":true,"href":"https:\/\/csgo-trade.net\/pt-pt\/wp-json\/wp\/v2\/media\/3686"}],"wp:attachment":[{"href":"https:\/\/csgo-trade.net\/pt-pt\/wp-json\/wp\/v2\/media?parent=4269"}],"wp:term":[{"taxonomy":"product_brand","embeddable":true,"href":"https:\/\/csgo-trade.net\/pt-pt\/wp-json\/wp\/v2\/product_brand?post=4269"},{"taxonomy":"product_cat","embeddable":true,"href":"https:\/\/csgo-trade.net\/pt-pt\/wp-json\/wp\/v2\/product_cat?post=4269"},{"taxonomy":"product_tag","embeddable":true,"href":"https:\/\/csgo-trade.net\/pt-pt\/wp-json\/wp\/v2\/product_tag?post=4269"}],"curies":[{"name":"wp","href":"https:\/\/api.w.org\/{rel}","templated":true}]}}