{"id":4256,"date":"2022-09-27T15:13:17","date_gmt":"2022-09-27T15:13:17","guid":{"rendered":"https:\/\/skinpoint.r-s.space\/shop\/m9-bayonet-blue-steel\/"},"modified":"2023-04-24T17:08:57","modified_gmt":"2023-04-24T17:08:57","slug":"m9-bayonet-blue-steel","status":"publish","type":"product","link":"https:\/\/csgo-trade.net\/pt-pt\/catalog\/m9-bayonet-blue-steel\/","title":{"rendered":"M9 Bayonet | Blue Steel"},"content":{"rendered":"<p>A l\u00e2mina da faca e a guarda foram oxidadas a frio, fornecendo \u00e0 superf\u00edcie de a\u00e7o tons p\u00e1lidos de roxo, azul e verde. Tra\u00e7os de p\u00e1tina tamb\u00e9m est\u00e3o presentes na l\u00e2mina. A empunhadura permanece sem pintura.<\/p>\n","protected":false},"excerpt":{"rendered":"<p>A l\u00e2mina da faca e a guarda foram oxidadas a frio, fornecendo \u00e0 superf\u00edcie de a\u00e7o tons p\u00e1lidos de roxo, azul e verde. Tra\u00e7os de p\u00e1tina tamb\u00e9m est\u00e3o presentes na l\u00e2mina. A empunhadura permanece sem pintura.<\/p>\n","protected":false},"featured_media":3716,"comment_status":"open","ping_status":"closed","template":"","meta":[],"product_brand":[],"product_cat":[216,226],"product_tag":[267],"class_list":{"0":"post-4256","1":"product","2":"type-product","3":"status-publish","4":"has-post-thumbnail","6":"product_cat-facas","7":"product_cat-m9-bayonet-pt-pt","8":"product_tag-secreto","9":"pa_all-products-skins","11":"first","12":"instock","13":"shipping-taxable","14":"purchasable","15":"product-type-simple"},"_links":{"self":[{"href":"https:\/\/csgo-trade.net\/pt-pt\/wp-json\/wp\/v2\/product\/4256","targetHints":{"allow":["GET"]}}],"collection":[{"href":"https:\/\/csgo-trade.net\/pt-pt\/wp-json\/wp\/v2\/product"}],"about":[{"href":"https:\/\/csgo-trade.net\/pt-pt\/wp-json\/wp\/v2\/types\/product"}],"replies":[{"embeddable":true,"href":"https:\/\/csgo-trade.net\/pt-pt\/wp-json\/wp\/v2\/comments?post=4256"}],"wp:featuredmedia":[{"embeddable":true,"href":"https:\/\/csgo-trade.net\/pt-pt\/wp-json\/wp\/v2\/media\/3716"}],"wp:attachment":[{"href":"https:\/\/csgo-trade.net\/pt-pt\/wp-json\/wp\/v2\/media?parent=4256"}],"wp:term":[{"taxonomy":"product_brand","embeddable":true,"href":"https:\/\/csgo-trade.net\/pt-pt\/wp-json\/wp\/v2\/product_brand?post=4256"},{"taxonomy":"product_cat","embeddable":true,"href":"https:\/\/csgo-trade.net\/pt-pt\/wp-json\/wp\/v2\/product_cat?post=4256"},{"taxonomy":"product_tag","embeddable":true,"href":"https:\/\/csgo-trade.net\/pt-pt\/wp-json\/wp\/v2\/product_tag?post=4256"}],"curies":[{"name":"wp","href":"https:\/\/api.w.org\/{rel}","templated":true}]}}