{"id":4251,"date":"2022-09-29T07:17:11","date_gmt":"2022-09-29T07:17:11","guid":{"rendered":"https:\/\/skinpoint.r-s.space\/shop\/navaja-knife-doppler-sapphire\/"},"modified":"2023-04-24T17:05:17","modified_gmt":"2023-04-24T17:05:17","slug":"navaja-knife-doppler-sapphire","status":"publish","type":"product","link":"https:\/\/csgo-trade.net\/pt-pt\/catalog\/navaja-knife-doppler-sapphire\/","title":{"rendered":"Faca Navaja | Doppler Sapphire"},"content":{"rendered":"<p>A l\u00e2mina e a parte frontal do cabo s\u00e3o pintadas com tintas met\u00e1licas e adornadas com um padr\u00e3o de linhas onduladas transl\u00facidas semelhantes a fuma\u00e7a. A paleta de cores da skin usa v\u00e1rias tonalidades de azul criando transi\u00e7\u00f5es de gradiente. O design da skin se assemelha \u00e0 textura da safira.<\/p>\n","protected":false},"excerpt":{"rendered":"<p>A l\u00e2mina e a parte frontal do cabo s\u00e3o pintadas com tintas met\u00e1licas e adornadas com um padr\u00e3o de linhas onduladas transl\u00facidas semelhantes a fuma\u00e7a. A paleta de cores da skin usa v\u00e1rias tonalidades de azul criando transi\u00e7\u00f5es de gradiente. O design da skin se assemelha \u00e0 textura da safira.<\/p>\n","protected":false},"featured_media":3725,"comment_status":"open","ping_status":"closed","template":"","meta":[],"product_brand":[],"product_cat":[227,216],"product_tag":[267],"class_list":{"0":"post-4251","1":"product","2":"type-product","3":"status-publish","4":"has-post-thumbnail","6":"product_cat-faca-navaja","7":"product_cat-facas","8":"product_tag-secreto","9":"pa_all-products-skins","11":"first","12":"instock","13":"shipping-taxable","14":"purchasable","15":"product-type-simple"},"_links":{"self":[{"href":"https:\/\/csgo-trade.net\/pt-pt\/wp-json\/wp\/v2\/product\/4251","targetHints":{"allow":["GET"]}}],"collection":[{"href":"https:\/\/csgo-trade.net\/pt-pt\/wp-json\/wp\/v2\/product"}],"about":[{"href":"https:\/\/csgo-trade.net\/pt-pt\/wp-json\/wp\/v2\/types\/product"}],"replies":[{"embeddable":true,"href":"https:\/\/csgo-trade.net\/pt-pt\/wp-json\/wp\/v2\/comments?post=4251"}],"wp:featuredmedia":[{"embeddable":true,"href":"https:\/\/csgo-trade.net\/pt-pt\/wp-json\/wp\/v2\/media\/3725"}],"wp:attachment":[{"href":"https:\/\/csgo-trade.net\/pt-pt\/wp-json\/wp\/v2\/media?parent=4251"}],"wp:term":[{"taxonomy":"product_brand","embeddable":true,"href":"https:\/\/csgo-trade.net\/pt-pt\/wp-json\/wp\/v2\/product_brand?post=4251"},{"taxonomy":"product_cat","embeddable":true,"href":"https:\/\/csgo-trade.net\/pt-pt\/wp-json\/wp\/v2\/product_cat?post=4251"},{"taxonomy":"product_tag","embeddable":true,"href":"https:\/\/csgo-trade.net\/pt-pt\/wp-json\/wp\/v2\/product_tag?post=4251"}],"curies":[{"name":"wp","href":"https:\/\/api.w.org\/{rel}","templated":true}]}}