{"id":4239,"date":"2022-09-29T07:37:50","date_gmt":"2022-09-29T07:37:50","guid":{"rendered":"https:\/\/skinpoint.r-s.space\/shop\/paracord-knife-urban-masked\/"},"modified":"2023-04-24T16:56:40","modified_gmt":"2023-04-24T16:56:40","slug":"paracord-knife-urban-masked","status":"publish","type":"product","link":"https:\/\/csgo-trade.net\/pt-pt\/catalog\/paracord-knife-urban-masked\/","title":{"rendered":"Faca Paracord | Urban Masked"},"content":{"rendered":"<p>O corpo inteiro da faca, incluindo o cabo, \u00e9 pintado com aer\u00f3grafo em v\u00e1rios tons de cinza. O padr\u00e3o \u00e9 aplicado atrav\u00e9s de uma confus\u00e3o de fita adesiva usada como est\u00eancil.<\/p>\n","protected":false},"excerpt":{"rendered":"<p>O corpo inteiro da faca, incluindo o cabo, \u00e9 pintado com aer\u00f3grafo em v\u00e1rios tons de cinza. O padr\u00e3o \u00e9 aplicado atrav\u00e9s de uma confus\u00e3o de fita adesiva usada como est\u00eancil.<\/p>\n","protected":false},"featured_media":3749,"comment_status":"open","ping_status":"closed","template":"","meta":[],"product_brand":[],"product_cat":[229,216],"product_tag":[267],"class_list":{"0":"post-4239","1":"product","2":"type-product","3":"status-publish","4":"has-post-thumbnail","6":"product_cat-faca-paracord","7":"product_cat-facas","8":"product_tag-secreto","9":"pa_all-products-skins","11":"first","12":"instock","13":"shipping-taxable","14":"purchasable","15":"product-type-simple"},"_links":{"self":[{"href":"https:\/\/csgo-trade.net\/pt-pt\/wp-json\/wp\/v2\/product\/4239","targetHints":{"allow":["GET"]}}],"collection":[{"href":"https:\/\/csgo-trade.net\/pt-pt\/wp-json\/wp\/v2\/product"}],"about":[{"href":"https:\/\/csgo-trade.net\/pt-pt\/wp-json\/wp\/v2\/types\/product"}],"replies":[{"embeddable":true,"href":"https:\/\/csgo-trade.net\/pt-pt\/wp-json\/wp\/v2\/comments?post=4239"}],"wp:featuredmedia":[{"embeddable":true,"href":"https:\/\/csgo-trade.net\/pt-pt\/wp-json\/wp\/v2\/media\/3749"}],"wp:attachment":[{"href":"https:\/\/csgo-trade.net\/pt-pt\/wp-json\/wp\/v2\/media?parent=4239"}],"wp:term":[{"taxonomy":"product_brand","embeddable":true,"href":"https:\/\/csgo-trade.net\/pt-pt\/wp-json\/wp\/v2\/product_brand?post=4239"},{"taxonomy":"product_cat","embeddable":true,"href":"https:\/\/csgo-trade.net\/pt-pt\/wp-json\/wp\/v2\/product_cat?post=4239"},{"taxonomy":"product_tag","embeddable":true,"href":"https:\/\/csgo-trade.net\/pt-pt\/wp-json\/wp\/v2\/product_tag?post=4239"}],"curies":[{"name":"wp","href":"https:\/\/api.w.org\/{rel}","templated":true}]}}